{"id":1077,"date":"2023-10-02T21:57:54","date_gmt":"2023-10-02T21:57:54","guid":{"rendered":"https:\/\/www.animacrematorio.com\/?post_type=product&#038;p=1077"},"modified":"2025-05-27T12:45:20","modified_gmt":"2025-05-27T12:45:20","slug":"pulsera-personalizada-con-su-huella","status":"publish","type":"product","link":"https:\/\/animacrematorio.com\/fr\/produit\/pulsera-personalizada-con-su-huella\/","title":{"rendered":"Pulsera personalizada con su huella"},"content":{"rendered":"","protected":false},"excerpt":{"rendered":"<p>Pulsera de plata personalizada con la huella real de tu mascota. Cord\u00f3n disponible en diferentes colores.<\/p>\n<ol>\n<li>Env\u00edanos una imagen de la pata de tu mascota, si es posible, donde se vean definidas las almohadillas en formato jpg a info@animastore.es<\/li>\n<li>La trataremos gr\u00e1ficamente y el resultado lo pasaremos al proceso de producci\u00f3n de la placa.<\/li>\n<li>Recibir\u00e1s un recuerdo \u00fanico de tu peque\u00f1o amigo o amiga totalmente personalizado que te acompa\u00f1ar\u00e1 siempre<\/li>\n<\/ol>","protected":false},"featured_media":1080,"comment_status":"closed","ping_status":"closed","template":"","meta":{"om_disable_all_campaigns":false,"_uf_show_specific_survey":0,"_uf_disable_surveys":false},"product_brand":[],"product_cat":[64],"product_tag":[],"class_list":{"0":"post-1077","1":"product","2":"type-product","3":"status-publish","4":"has-post-thumbnail","6":"product_cat-recuerdos","8":"first","9":"instock","10":"shipping-taxable","11":"purchasable","12":"product-type-simple"},"yoast_head":"<!-- This site is optimized with the Yoast SEO plugin v27.2 - https:\/\/yoast.com\/product\/yoast-seo-wordpress\/ -->\n<title>Pulsera personalizada con su huella - Anima Crematorio<\/title>\n<meta name=\"robots\" content=\"index, follow, max-snippet:-1, max-image-preview:large, max-video-preview:-1\" \/>\n<link rel=\"canonical\" href=\"https:\/\/animacrematorio.com\/fr\/produit\/pulsera-personalizada-con-su-huella\/\" \/>\n<meta property=\"og:locale\" content=\"fr_FR\" \/>\n<meta property=\"og:type\" content=\"article\" \/>\n<meta property=\"og:title\" content=\"Pulsera personalizada con su huella - Anima Crematorio\" \/>\n<meta property=\"og:description\" content=\"Pulsera de plata personalizada con la huella real de tu mascota. Cord\u00f3n disponible en diferentes colores.   Env\u00edanos una imagen de la pata de tu mascota, si es posible, donde se vean definidas las almohadillas en formato jpg a info@animastore.es  La trataremos gr\u00e1ficamente y el resultado lo pasaremos al proceso de producci\u00f3n de la placa.  Recibir\u00e1s un recuerdo \u00fanico de tu peque\u00f1o amigo o amiga totalmente personalizado que te acompa\u00f1ar\u00e1 siempre\" \/>\n<meta property=\"og:url\" content=\"https:\/\/animacrematorio.com\/fr\/produit\/pulsera-personalizada-con-su-huella\/\" \/>\n<meta property=\"og:site_name\" content=\"Anima Crematorio\" \/>\n<meta property=\"article:publisher\" content=\"https:\/\/www.facebook.com\/animastore.es\" \/>\n<meta property=\"article:modified_time\" content=\"2025-05-27T12:45:20+00:00\" \/>\n<meta property=\"og:image\" content=\"https:\/\/animacrematorio.com\/wp-content\/uploads\/2023\/10\/colectivo-3.png\" \/>\n\t<meta property=\"og:image:width\" content=\"666\" \/>\n\t<meta property=\"og:image:height\" content=\"728\" \/>\n\t<meta property=\"og:image:type\" content=\"image\/png\" \/>\n<meta name=\"twitter:card\" content=\"summary_large_image\" \/>\n<meta name=\"twitter:label1\" content=\"Dur\u00e9e de lecture estim\u00e9e\" \/>\n\t<meta name=\"twitter:data1\" content=\"1 minute\" \/>\n<script type=\"application\/ld+json\" class=\"yoast-schema-graph\">{\"@context\":\"https:\/\/schema.org\",\"@graph\":[{\"@type\":\"WebPage\",\"@id\":\"https:\/\/animacrematorio.com\/producto\/pulsera-personalizada-con-su-huella\/\",\"url\":\"https:\/\/animacrematorio.com\/producto\/pulsera-personalizada-con-su-huella\/\",\"name\":\"Pulsera personalizada con su huella - Anima Crematorio\",\"isPartOf\":{\"@id\":\"https:\/\/animacrematorio.com\/#website\"},\"primaryImageOfPage\":{\"@id\":\"https:\/\/animacrematorio.com\/producto\/pulsera-personalizada-con-su-huella\/#primaryimage\"},\"image\":{\"@id\":\"https:\/\/animacrematorio.com\/producto\/pulsera-personalizada-con-su-huella\/#primaryimage\"},\"thumbnailUrl\":\"https:\/\/animacrematorio.com\/wp-content\/uploads\/2023\/10\/colectivo-3.png\",\"datePublished\":\"2023-10-02T21:57:54+00:00\",\"dateModified\":\"2025-05-27T12:45:20+00:00\",\"breadcrumb\":{\"@id\":\"https:\/\/animacrematorio.com\/producto\/pulsera-personalizada-con-su-huella\/#breadcrumb\"},\"inLanguage\":\"fr-FR\",\"potentialAction\":[{\"@type\":\"ReadAction\",\"target\":[\"https:\/\/animacrematorio.com\/producto\/pulsera-personalizada-con-su-huella\/\"]}]},{\"@type\":\"ImageObject\",\"inLanguage\":\"fr-FR\",\"@id\":\"https:\/\/animacrematorio.com\/producto\/pulsera-personalizada-con-su-huella\/#primaryimage\",\"url\":\"https:\/\/animacrematorio.com\/wp-content\/uploads\/2023\/10\/colectivo-3.png\",\"contentUrl\":\"https:\/\/animacrematorio.com\/wp-content\/uploads\/2023\/10\/colectivo-3.png\",\"width\":666,\"height\":728},{\"@type\":\"BreadcrumbList\",\"@id\":\"https:\/\/animacrematorio.com\/producto\/pulsera-personalizada-con-su-huella\/#breadcrumb\",\"itemListElement\":[{\"@type\":\"ListItem\",\"position\":1,\"name\":\"Portada\",\"item\":\"https:\/\/animacrematorio.com\/\"},{\"@type\":\"ListItem\",\"position\":2,\"name\":\"Tienda\",\"item\":\"https:\/\/animacrematorio.com\/tienda\/\"},{\"@type\":\"ListItem\",\"position\":3,\"name\":\"Pulsera personalizada con su huella\"}]},{\"@type\":\"WebSite\",\"@id\":\"https:\/\/animacrematorio.com\/#website\",\"url\":\"https:\/\/animacrematorio.com\/\",\"name\":\"Anima Crematorio\",\"description\":\"\",\"publisher\":{\"@id\":\"https:\/\/animacrematorio.com\/#organization\"},\"potentialAction\":[{\"@type\":\"SearchAction\",\"target\":{\"@type\":\"EntryPoint\",\"urlTemplate\":\"https:\/\/animacrematorio.com\/?s={search_term_string}\"},\"query-input\":{\"@type\":\"PropertyValueSpecification\",\"valueRequired\":true,\"valueName\":\"search_term_string\"}}],\"inLanguage\":\"fr-FR\"},{\"@type\":\"Organization\",\"@id\":\"https:\/\/animacrematorio.com\/#organization\",\"name\":\"Anima Crematorio\",\"url\":\"https:\/\/animacrematorio.com\/\",\"logo\":{\"@type\":\"ImageObject\",\"inLanguage\":\"fr-FR\",\"@id\":\"https:\/\/animacrematorio.com\/#\/schema\/logo\/image\/\",\"url\":\"https:\/\/animacrematorio.com\/wp-content\/uploads\/2023\/03\/cropped-ANIMA_CRE_NEGRO-1.png\",\"contentUrl\":\"https:\/\/animacrematorio.com\/wp-content\/uploads\/2023\/03\/cropped-ANIMA_CRE_NEGRO-1.png\",\"width\":1475,\"height\":505,\"caption\":\"Anima Crematorio\"},\"image\":{\"@id\":\"https:\/\/animacrematorio.com\/#\/schema\/logo\/image\/\"},\"sameAs\":[\"https:\/\/www.facebook.com\/animastore.es\",\"https:\/\/www.instagram.com\/animastore.es\"]}]}<\/script>\n<!-- \/ Yoast SEO plugin. -->","yoast_head_json":{"title":"Pulsera personalizada con su huella - Anima Crematorio","robots":{"index":"index","follow":"follow","max-snippet":"max-snippet:-1","max-image-preview":"max-image-preview:large","max-video-preview":"max-video-preview:-1"},"canonical":"https:\/\/animacrematorio.com\/fr\/produit\/pulsera-personalizada-con-su-huella\/","og_locale":"fr_FR","og_type":"article","og_title":"Pulsera personalizada con su huella - Anima Crematorio","og_description":"Pulsera de plata personalizada con la huella real de tu mascota. Cord\u00f3n disponible en diferentes colores.   Env\u00edanos una imagen de la pata de tu mascota, si es posible, donde se vean definidas las almohadillas en formato jpg a info@animastore.es  La trataremos gr\u00e1ficamente y el resultado lo pasaremos al proceso de producci\u00f3n de la placa.  Recibir\u00e1s un recuerdo \u00fanico de tu peque\u00f1o amigo o amiga totalmente personalizado que te acompa\u00f1ar\u00e1 siempre","og_url":"https:\/\/animacrematorio.com\/fr\/produit\/pulsera-personalizada-con-su-huella\/","og_site_name":"Anima Crematorio","article_publisher":"https:\/\/www.facebook.com\/animastore.es","article_modified_time":"2025-05-27T12:45:20+00:00","og_image":[{"width":666,"height":728,"url":"https:\/\/animacrematorio.com\/wp-content\/uploads\/2023\/10\/colectivo-3.png","type":"image\/png"}],"twitter_card":"summary_large_image","twitter_misc":{"Dur\u00e9e de lecture estim\u00e9e":"1 minute"},"schema":{"@context":"https:\/\/schema.org","@graph":[{"@type":"WebPage","@id":"https:\/\/animacrematorio.com\/producto\/pulsera-personalizada-con-su-huella\/","url":"https:\/\/animacrematorio.com\/producto\/pulsera-personalizada-con-su-huella\/","name":"Pulsera personalizada con su huella - Anima Crematorio","isPartOf":{"@id":"https:\/\/animacrematorio.com\/#website"},"primaryImageOfPage":{"@id":"https:\/\/animacrematorio.com\/producto\/pulsera-personalizada-con-su-huella\/#primaryimage"},"image":{"@id":"https:\/\/animacrematorio.com\/producto\/pulsera-personalizada-con-su-huella\/#primaryimage"},"thumbnailUrl":"https:\/\/animacrematorio.com\/wp-content\/uploads\/2023\/10\/colectivo-3.png","datePublished":"2023-10-02T21:57:54+00:00","dateModified":"2025-05-27T12:45:20+00:00","breadcrumb":{"@id":"https:\/\/animacrematorio.com\/producto\/pulsera-personalizada-con-su-huella\/#breadcrumb"},"inLanguage":"fr-FR","potentialAction":[{"@type":"ReadAction","target":["https:\/\/animacrematorio.com\/producto\/pulsera-personalizada-con-su-huella\/"]}]},{"@type":"ImageObject","inLanguage":"fr-FR","@id":"https:\/\/animacrematorio.com\/producto\/pulsera-personalizada-con-su-huella\/#primaryimage","url":"https:\/\/animacrematorio.com\/wp-content\/uploads\/2023\/10\/colectivo-3.png","contentUrl":"https:\/\/animacrematorio.com\/wp-content\/uploads\/2023\/10\/colectivo-3.png","width":666,"height":728},{"@type":"BreadcrumbList","@id":"https:\/\/animacrematorio.com\/producto\/pulsera-personalizada-con-su-huella\/#breadcrumb","itemListElement":[{"@type":"ListItem","position":1,"name":"Portada","item":"https:\/\/animacrematorio.com\/"},{"@type":"ListItem","position":2,"name":"Tienda","item":"https:\/\/animacrematorio.com\/tienda\/"},{"@type":"ListItem","position":3,"name":"Pulsera personalizada con su huella"}]},{"@type":"WebSite","@id":"https:\/\/animacrematorio.com\/#website","url":"https:\/\/animacrematorio.com\/","name":"Anima Crematorio","description":"","publisher":{"@id":"https:\/\/animacrematorio.com\/#organization"},"potentialAction":[{"@type":"SearchAction","target":{"@type":"EntryPoint","urlTemplate":"https:\/\/animacrematorio.com\/?s={search_term_string}"},"query-input":{"@type":"PropertyValueSpecification","valueRequired":true,"valueName":"search_term_string"}}],"inLanguage":"fr-FR"},{"@type":"Organization","@id":"https:\/\/animacrematorio.com\/#organization","name":"Anima Crematorio","url":"https:\/\/animacrematorio.com\/","logo":{"@type":"ImageObject","inLanguage":"fr-FR","@id":"https:\/\/animacrematorio.com\/#\/schema\/logo\/image\/","url":"https:\/\/animacrematorio.com\/wp-content\/uploads\/2023\/03\/cropped-ANIMA_CRE_NEGRO-1.png","contentUrl":"https:\/\/animacrematorio.com\/wp-content\/uploads\/2023\/03\/cropped-ANIMA_CRE_NEGRO-1.png","width":1475,"height":505,"caption":"Anima Crematorio"},"image":{"@id":"https:\/\/animacrematorio.com\/#\/schema\/logo\/image\/"},"sameAs":["https:\/\/www.facebook.com\/animastore.es","https:\/\/www.instagram.com\/animastore.es"]}]}},"_links":{"self":[{"href":"https:\/\/animacrematorio.com\/fr\/wp-json\/wp\/v2\/product\/1077","targetHints":{"allow":["GET"]}}],"collection":[{"href":"https:\/\/animacrematorio.com\/fr\/wp-json\/wp\/v2\/product"}],"about":[{"href":"https:\/\/animacrematorio.com\/fr\/wp-json\/wp\/v2\/types\/product"}],"replies":[{"embeddable":true,"href":"https:\/\/animacrematorio.com\/fr\/wp-json\/wp\/v2\/comments?post=1077"}],"wp:featuredmedia":[{"embeddable":true,"href":"https:\/\/animacrematorio.com\/fr\/wp-json\/wp\/v2\/media\/1080"}],"wp:attachment":[{"href":"https:\/\/animacrematorio.com\/fr\/wp-json\/wp\/v2\/media?parent=1077"}],"wp:term":[{"taxonomy":"product_brand","embeddable":true,"href":"https:\/\/animacrematorio.com\/fr\/wp-json\/wp\/v2\/product_brand?post=1077"},{"taxonomy":"product_cat","embeddable":true,"href":"https:\/\/animacrematorio.com\/fr\/wp-json\/wp\/v2\/product_cat?post=1077"},{"taxonomy":"product_tag","embeddable":true,"href":"https:\/\/animacrematorio.com\/fr\/wp-json\/wp\/v2\/product_tag?post=1077"}],"curies":[{"name":"wp","href":"https:\/\/api.w.org\/{rel}","templated":true}]}}