{"id":1075,"date":"2023-10-02T21:55:51","date_gmt":"2023-10-02T21:55:51","guid":{"rendered":"https:\/\/www.animacrematorio.com\/?post_type=product&#038;p=1075"},"modified":"2023-10-20T14:22:52","modified_gmt":"2023-10-20T14:22:52","slug":"momentos-compartidos","status":"publish","type":"product","link":"https:\/\/animacrematorio.com\/fr\/produit\/momentos-compartidos\/","title":{"rendered":"Momentos compartidos"},"content":{"rendered":"","protected":false},"excerpt":{"rendered":"<p>Momentos Compartidos es un concepto novedoso que permite escribir un mensaje personal de despedida, dejarlo al lado de su mascota y llevarse una pulsera como recuerdo del momento vivido juntos, quedando un s\u00edmbolo que nos liga y nos une a trav\u00e9s de un hilo.<\/p>\n<p>Este producto de \u00c1nima Crematorio se presenta a partir de un sobre que contiene un folio plegado para poder escribir. Esta nota sobresale del sobre unido al cord\u00f3n (pulsera de hilo) que impide que se introduzca dentro. Una vez extra\u00edda la pulsera, se puede desplegar la nota, escribir el momento compartido e introducirla en su totalidad en el sobre sin que el cord\u00f3n se lo impida.<\/p>","protected":false},"featured_media":1076,"comment_status":"closed","ping_status":"closed","template":"","meta":{"om_disable_all_campaigns":false,"_uf_show_specific_survey":0,"_uf_disable_surveys":false},"product_brand":[],"product_cat":[64],"product_tag":[],"class_list":{"0":"post-1075","1":"product","2":"type-product","3":"status-publish","4":"has-post-thumbnail","6":"product_cat-recuerdos","8":"first","9":"instock","10":"shipping-taxable","11":"purchasable","12":"product-type-simple"},"yoast_head":"<!-- This site is optimized with the Yoast SEO plugin v27.2 - https:\/\/yoast.com\/product\/yoast-seo-wordpress\/ -->\n<title>Momentos compartidos - Anima Crematorio<\/title>\n<meta name=\"robots\" content=\"index, follow, max-snippet:-1, max-image-preview:large, max-video-preview:-1\" \/>\n<link rel=\"canonical\" href=\"https:\/\/animacrematorio.com\/fr\/produit\/momentos-compartidos\/\" \/>\n<meta property=\"og:locale\" content=\"fr_FR\" \/>\n<meta property=\"og:type\" content=\"article\" \/>\n<meta property=\"og:title\" content=\"Momentos compartidos - Anima Crematorio\" \/>\n<meta property=\"og:description\" content=\"Momentos Compartidos es un concepto novedoso que permite escribir un mensaje personal de despedida, dejarlo al lado de su mascota y llevarse una pulsera como recuerdo del momento vivido juntos, quedando un s\u00edmbolo que nos liga y nos une a trav\u00e9s de un hilo.  Este producto de \u00c1nima Crematorio se presenta a partir de un sobre que contiene un folio plegado para poder escribir. Esta nota sobresale del sobre unido al cord\u00f3n (pulsera de hilo) que impide que se introduzca dentro. Una vez extra\u00edda la pulsera, se puede desplegar la nota, escribir el momento compartido e introducirla en su totalidad en el sobre sin que el cord\u00f3n se lo impida.\" \/>\n<meta property=\"og:url\" content=\"https:\/\/animacrematorio.com\/fr\/produit\/momentos-compartidos\/\" \/>\n<meta property=\"og:site_name\" content=\"Anima Crematorio\" \/>\n<meta property=\"article:publisher\" content=\"https:\/\/www.facebook.com\/animastore.es\" \/>\n<meta property=\"article:modified_time\" content=\"2023-10-20T14:22:52+00:00\" \/>\n<meta property=\"og:image\" content=\"https:\/\/animacrematorio.com\/wp-content\/uploads\/2023\/10\/MOMENTOS-COMPARTIDOS-e1697811763767.png\" \/>\n\t<meta property=\"og:image:width\" content=\"666\" \/>\n\t<meta property=\"og:image:height\" content=\"626\" \/>\n\t<meta property=\"og:image:type\" content=\"image\/png\" \/>\n<meta name=\"twitter:card\" content=\"summary_large_image\" \/>\n<script type=\"application\/ld+json\" class=\"yoast-schema-graph\">{\"@context\":\"https:\/\/schema.org\",\"@graph\":[{\"@type\":\"WebPage\",\"@id\":\"https:\/\/animacrematorio.com\/producto\/momentos-compartidos\/\",\"url\":\"https:\/\/animacrematorio.com\/producto\/momentos-compartidos\/\",\"name\":\"Momentos compartidos - Anima Crematorio\",\"isPartOf\":{\"@id\":\"https:\/\/animacrematorio.com\/#website\"},\"primaryImageOfPage\":{\"@id\":\"https:\/\/animacrematorio.com\/producto\/momentos-compartidos\/#primaryimage\"},\"image\":{\"@id\":\"https:\/\/animacrematorio.com\/producto\/momentos-compartidos\/#primaryimage\"},\"thumbnailUrl\":\"https:\/\/animacrematorio.com\/wp-content\/uploads\/2023\/10\/MOMENTOS-COMPARTIDOS-e1697811763767.png\",\"datePublished\":\"2023-10-02T21:55:51+00:00\",\"dateModified\":\"2023-10-20T14:22:52+00:00\",\"breadcrumb\":{\"@id\":\"https:\/\/animacrematorio.com\/producto\/momentos-compartidos\/#breadcrumb\"},\"inLanguage\":\"fr-FR\",\"potentialAction\":[{\"@type\":\"ReadAction\",\"target\":[\"https:\/\/animacrematorio.com\/producto\/momentos-compartidos\/\"]}]},{\"@type\":\"ImageObject\",\"inLanguage\":\"fr-FR\",\"@id\":\"https:\/\/animacrematorio.com\/producto\/momentos-compartidos\/#primaryimage\",\"url\":\"https:\/\/animacrematorio.com\/wp-content\/uploads\/2023\/10\/MOMENTOS-COMPARTIDOS-e1697811763767.png\",\"contentUrl\":\"https:\/\/animacrematorio.com\/wp-content\/uploads\/2023\/10\/MOMENTOS-COMPARTIDOS-e1697811763767.png\",\"width\":666,\"height\":626},{\"@type\":\"BreadcrumbList\",\"@id\":\"https:\/\/animacrematorio.com\/producto\/momentos-compartidos\/#breadcrumb\",\"itemListElement\":[{\"@type\":\"ListItem\",\"position\":1,\"name\":\"Portada\",\"item\":\"https:\/\/animacrematorio.com\/\"},{\"@type\":\"ListItem\",\"position\":2,\"name\":\"Tienda\",\"item\":\"https:\/\/animacrematorio.com\/tienda\/\"},{\"@type\":\"ListItem\",\"position\":3,\"name\":\"Momentos compartidos\"}]},{\"@type\":\"WebSite\",\"@id\":\"https:\/\/animacrematorio.com\/#website\",\"url\":\"https:\/\/animacrematorio.com\/\",\"name\":\"Anima Crematorio\",\"description\":\"\",\"publisher\":{\"@id\":\"https:\/\/animacrematorio.com\/#organization\"},\"potentialAction\":[{\"@type\":\"SearchAction\",\"target\":{\"@type\":\"EntryPoint\",\"urlTemplate\":\"https:\/\/animacrematorio.com\/?s={search_term_string}\"},\"query-input\":{\"@type\":\"PropertyValueSpecification\",\"valueRequired\":true,\"valueName\":\"search_term_string\"}}],\"inLanguage\":\"fr-FR\"},{\"@type\":\"Organization\",\"@id\":\"https:\/\/animacrematorio.com\/#organization\",\"name\":\"Anima Crematorio\",\"url\":\"https:\/\/animacrematorio.com\/\",\"logo\":{\"@type\":\"ImageObject\",\"inLanguage\":\"fr-FR\",\"@id\":\"https:\/\/animacrematorio.com\/#\/schema\/logo\/image\/\",\"url\":\"https:\/\/animacrematorio.com\/wp-content\/uploads\/2023\/03\/cropped-ANIMA_CRE_NEGRO-1.png\",\"contentUrl\":\"https:\/\/animacrematorio.com\/wp-content\/uploads\/2023\/03\/cropped-ANIMA_CRE_NEGRO-1.png\",\"width\":1475,\"height\":505,\"caption\":\"Anima Crematorio\"},\"image\":{\"@id\":\"https:\/\/animacrematorio.com\/#\/schema\/logo\/image\/\"},\"sameAs\":[\"https:\/\/www.facebook.com\/animastore.es\",\"https:\/\/www.instagram.com\/animastore.es\"]}]}<\/script>\n<!-- \/ Yoast SEO plugin. -->","yoast_head_json":{"title":"Momentos compartidos - Anima Crematorio","robots":{"index":"index","follow":"follow","max-snippet":"max-snippet:-1","max-image-preview":"max-image-preview:large","max-video-preview":"max-video-preview:-1"},"canonical":"https:\/\/animacrematorio.com\/fr\/produit\/momentos-compartidos\/","og_locale":"fr_FR","og_type":"article","og_title":"Momentos compartidos - Anima Crematorio","og_description":"Momentos Compartidos es un concepto novedoso que permite escribir un mensaje personal de despedida, dejarlo al lado de su mascota y llevarse una pulsera como recuerdo del momento vivido juntos, quedando un s\u00edmbolo que nos liga y nos une a trav\u00e9s de un hilo.  Este producto de \u00c1nima Crematorio se presenta a partir de un sobre que contiene un folio plegado para poder escribir. Esta nota sobresale del sobre unido al cord\u00f3n (pulsera de hilo) que impide que se introduzca dentro. Una vez extra\u00edda la pulsera, se puede desplegar la nota, escribir el momento compartido e introducirla en su totalidad en el sobre sin que el cord\u00f3n se lo impida.","og_url":"https:\/\/animacrematorio.com\/fr\/produit\/momentos-compartidos\/","og_site_name":"Anima Crematorio","article_publisher":"https:\/\/www.facebook.com\/animastore.es","article_modified_time":"2023-10-20T14:22:52+00:00","og_image":[{"width":666,"height":626,"url":"https:\/\/animacrematorio.com\/wp-content\/uploads\/2023\/10\/MOMENTOS-COMPARTIDOS-e1697811763767.png","type":"image\/png"}],"twitter_card":"summary_large_image","schema":{"@context":"https:\/\/schema.org","@graph":[{"@type":"WebPage","@id":"https:\/\/animacrematorio.com\/producto\/momentos-compartidos\/","url":"https:\/\/animacrematorio.com\/producto\/momentos-compartidos\/","name":"Momentos compartidos - Anima Crematorio","isPartOf":{"@id":"https:\/\/animacrematorio.com\/#website"},"primaryImageOfPage":{"@id":"https:\/\/animacrematorio.com\/producto\/momentos-compartidos\/#primaryimage"},"image":{"@id":"https:\/\/animacrematorio.com\/producto\/momentos-compartidos\/#primaryimage"},"thumbnailUrl":"https:\/\/animacrematorio.com\/wp-content\/uploads\/2023\/10\/MOMENTOS-COMPARTIDOS-e1697811763767.png","datePublished":"2023-10-02T21:55:51+00:00","dateModified":"2023-10-20T14:22:52+00:00","breadcrumb":{"@id":"https:\/\/animacrematorio.com\/producto\/momentos-compartidos\/#breadcrumb"},"inLanguage":"fr-FR","potentialAction":[{"@type":"ReadAction","target":["https:\/\/animacrematorio.com\/producto\/momentos-compartidos\/"]}]},{"@type":"ImageObject","inLanguage":"fr-FR","@id":"https:\/\/animacrematorio.com\/producto\/momentos-compartidos\/#primaryimage","url":"https:\/\/animacrematorio.com\/wp-content\/uploads\/2023\/10\/MOMENTOS-COMPARTIDOS-e1697811763767.png","contentUrl":"https:\/\/animacrematorio.com\/wp-content\/uploads\/2023\/10\/MOMENTOS-COMPARTIDOS-e1697811763767.png","width":666,"height":626},{"@type":"BreadcrumbList","@id":"https:\/\/animacrematorio.com\/producto\/momentos-compartidos\/#breadcrumb","itemListElement":[{"@type":"ListItem","position":1,"name":"Portada","item":"https:\/\/animacrematorio.com\/"},{"@type":"ListItem","position":2,"name":"Tienda","item":"https:\/\/animacrematorio.com\/tienda\/"},{"@type":"ListItem","position":3,"name":"Momentos compartidos"}]},{"@type":"WebSite","@id":"https:\/\/animacrematorio.com\/#website","url":"https:\/\/animacrematorio.com\/","name":"Anima Crematorio","description":"","publisher":{"@id":"https:\/\/animacrematorio.com\/#organization"},"potentialAction":[{"@type":"SearchAction","target":{"@type":"EntryPoint","urlTemplate":"https:\/\/animacrematorio.com\/?s={search_term_string}"},"query-input":{"@type":"PropertyValueSpecification","valueRequired":true,"valueName":"search_term_string"}}],"inLanguage":"fr-FR"},{"@type":"Organization","@id":"https:\/\/animacrematorio.com\/#organization","name":"Anima Crematorio","url":"https:\/\/animacrematorio.com\/","logo":{"@type":"ImageObject","inLanguage":"fr-FR","@id":"https:\/\/animacrematorio.com\/#\/schema\/logo\/image\/","url":"https:\/\/animacrematorio.com\/wp-content\/uploads\/2023\/03\/cropped-ANIMA_CRE_NEGRO-1.png","contentUrl":"https:\/\/animacrematorio.com\/wp-content\/uploads\/2023\/03\/cropped-ANIMA_CRE_NEGRO-1.png","width":1475,"height":505,"caption":"Anima Crematorio"},"image":{"@id":"https:\/\/animacrematorio.com\/#\/schema\/logo\/image\/"},"sameAs":["https:\/\/www.facebook.com\/animastore.es","https:\/\/www.instagram.com\/animastore.es"]}]}},"_links":{"self":[{"href":"https:\/\/animacrematorio.com\/fr\/wp-json\/wp\/v2\/product\/1075","targetHints":{"allow":["GET"]}}],"collection":[{"href":"https:\/\/animacrematorio.com\/fr\/wp-json\/wp\/v2\/product"}],"about":[{"href":"https:\/\/animacrematorio.com\/fr\/wp-json\/wp\/v2\/types\/product"}],"replies":[{"embeddable":true,"href":"https:\/\/animacrematorio.com\/fr\/wp-json\/wp\/v2\/comments?post=1075"}],"wp:featuredmedia":[{"embeddable":true,"href":"https:\/\/animacrematorio.com\/fr\/wp-json\/wp\/v2\/media\/1076"}],"wp:attachment":[{"href":"https:\/\/animacrematorio.com\/fr\/wp-json\/wp\/v2\/media?parent=1075"}],"wp:term":[{"taxonomy":"product_brand","embeddable":true,"href":"https:\/\/animacrematorio.com\/fr\/wp-json\/wp\/v2\/product_brand?post=1075"},{"taxonomy":"product_cat","embeddable":true,"href":"https:\/\/animacrematorio.com\/fr\/wp-json\/wp\/v2\/product_cat?post=1075"},{"taxonomy":"product_tag","embeddable":true,"href":"https:\/\/animacrematorio.com\/fr\/wp-json\/wp\/v2\/product_tag?post=1075"}],"curies":[{"name":"wp","href":"https:\/\/api.w.org\/{rel}","templated":true}]}}