{"id":2021,"date":"2023-11-27T18:02:01","date_gmt":"2023-11-27T18:02:01","guid":{"rendered":"https:\/\/animacrematorio.com\/?page_id=2021"},"modified":"2026-02-19T13:43:06","modified_gmt":"2026-02-19T13:43:06","slug":"politica-de-privacidad","status":"publish","type":"page","link":"https:\/\/animacrematorio.com\/fr\/politica-de-privacidad\/","title":{"rendered":"Pol\u00edtica de privacidad"},"content":{"rendered":"<div data-elementor-type=\"wp-page\" data-elementor-id=\"2021\" class=\"elementor elementor-2021\" data-elementor-post-type=\"page\">\n\t\t\t\t\t\t<section class=\"elementor-section elementor-top-section elementor-element elementor-element-83ac882 elementor-section-boxed elementor-section-height-default elementor-section-height-default\" data-id=\"83ac882\" data-element_type=\"section\" data-e-type=\"section\">\n\t\t\t\t\t\t<div class=\"elementor-container elementor-column-gap-default\">\n\t\t\t\t\t<div class=\"elementor-column elementor-col-100 elementor-top-column elementor-element elementor-element-2267142\" data-id=\"2267142\" data-element_type=\"column\" data-e-type=\"column\">\n\t\t\t<div class=\"elementor-widget-wrap elementor-element-populated\">\n\t\t\t\t\t\t<div class=\"elementor-element elementor-element-fb0767a elementor-widget elementor-widget-heading\" data-id=\"fb0767a\" data-element_type=\"widget\" data-e-type=\"widget\" data-widget_type=\"heading.default\">\n\t\t\t\t<div class=\"elementor-widget-container\">\n\t\t\t\t\t<h2 class=\"elementor-heading-title elementor-size-default\">POL\u00cdTICA DE PRIVACIDAD<\/h2>\t\t\t\t<\/div>\n\t\t\t\t<\/div>\n\t\t\t\t<div class=\"elementor-element elementor-element-8c9cd1b politicas_color elementor-widget elementor-widget-text-editor\" data-id=\"8c9cd1b\" data-element_type=\"widget\" data-e-type=\"widget\" data-widget_type=\"text-editor.default\">\n\t\t\t\t<div class=\"elementor-widget-container\">\n\t\t\t\t\t\t\t\t\t<p>ANIMA TANATORIO DE ANIMALES SL, garantiza la adopci\u00f3n de las medidas t\u00e9cnicas y organizativas de seguridad necesarias para gestionar los datos del usuario con car\u00e1cter personal en conformidad con lo que se establece en el Reglamento (UE) 2016\/679 del Parlamento Europeo y del Consejo, de 27 de abril de 2016, relativo a la protecci\u00f3n de las personas f\u00edsicas en lo que respecta al tratamiento de datos personales y a la libre circulaci\u00f3n de estos datos (RGPD); la Ley Org\u00e1nica 3\/2018, de 5 de diciembre, de Protecci\u00f3n de Datos Personales y garant\u00eda de los derechos digitales (LOPD-GDD); el Real Decreto 1720\/2007, de 21 de diciembre, por el que se aprueba el Reglamento de desarrollo de la Ley Org\u00e1nica 15\/1999, de 13 de diciembre, de Protecci\u00f3n de Datos de Car\u00e1cter Personal (RDLOPD) y la Ley 34\/2002, de 11 de julio, de Servicios de la Sociedad de la Informaci\u00f3n y de Comercio Electr\u00f3nico (LSSI-CE).&nbsp;<\/p>\n<p>De este modo, los datos personales facilitados por el usuario, as\u00ed como su correo electr\u00f3nico, ser\u00e1n a\u00f1adidos y tratados en los ficheros de \u201cclientes\u201d de ANIMA TANATORIO DE ANIMALES SL (titular de la web <a href=\"https:\/\/animacrematorio.com\/fr\/\">http:\/\/www.animacrematorio.com<\/a>), con el fin \u00fanico de facilitar, cumplir y gestionar sus pedidos, atender consultas, mejorar la calidad, funcionamiento y navegaci\u00f3n del Sitio Web, realizar campa\u00f1as comerciales de su posible inter\u00e9s (ofertas, promociones, descuentos, etc.) y\/o realizar estudios con fines estad\u00edsticos.<\/p>\n<p>Los datos personales del usuario ser\u00e1n tratados bajo la m\u00e1s estricta confidencialidad, aplicando las medidas de seguridad t\u00e9cnicas y organizativas que razonablemente est\u00e1n a l alcance seg\u00fan el nivel de seguridad adecuado al riesgo de los datos recogidos y de conformidad con la normativa vigente.&nbsp;&nbsp;<\/p>\n<p>La base legal para el tratamiento de los datos personales es el consentimiento, por lo que ANIMA TANATORIO DE ANIMALES SL se compromete a recabar el consentimiento expreso y verificable del usuario para el tratamiento de sus datos personales para uno o varios fines espec\u00edficos, encontr\u00e1ndose el usuario facultado para retirar su consentimiento en cualquier momento, cuando el mismo se haya otorgado para el tratamiento de sus datos. En ning\u00fan caso, la retirada de ese consentimiento condicionar\u00e1 la ejecuci\u00f3n del contrato de suscripci\u00f3n o las relaciones generadas con anterioridad.&nbsp;&nbsp;<\/p>\n<p>Si el usuario no desea recibir esta informaci\u00f3n comercial puede comunicarlo mediante correo electr\u00f3nico a la casilla info@animastore.es y ser\u00e1 dado de baja como destinatario de este tipo de informaci\u00f3n.<\/p>\n<p>Asimismo, podr\u00e1 ejercitar en todo momento los siguientes derechos reconocidos en el RGPD y la Ley Org\u00e1nica 3\/2018, de 5 de diciembre, de Protecci\u00f3n de Datos Personales y garant\u00eda de los derechos digitales: Solicitar el acceso a sus datos personales o su rectificaci\u00f3n cuando sean inexactos; solicitar su supresi\u00f3n cuando, entre otros motivos, los datos ya no sean necesario para los fines para los que fueron recogidos; solicitar la limitaci\u00f3n y\/o oposici\u00f3n del tratamiento de sus datos en determinadas circunstancias; solicitar la portabilidad de los datos en los casos previstos en la normativa, as\u00ed como otros derechos all\u00ed reconocidos.<\/p>\n<p>A fin de solicitar el acceso, rectificaci\u00f3n, supresi\u00f3n, limitaci\u00f3n del tratamiento, portabilidad y oposici\u00f3n, de los datos personales, el usuario deber\u00e1 enviar un correo electr\u00f3nico a la casilla en el cual deber\u00e1 especificar el derecho que quiere ejercer y respecto a qu\u00e9 datos personales y, asimismo, indicar su nombre, apellido, DNI y domicilio a efectos de futuras notificaciones y acreditar su identidad con copia de un documento oficial de identificaci\u00f3n que lo identifique legalmente.&nbsp;<\/p>\n<p>En caso de divergencias con ANIMA TANATORIO DE ANIMALES SL en relaci\u00f3n con el tratamiento de los datos, el usuario podr\u00e1 presentar una reclamaci\u00f3n ante la Agencia Espa\u00f1ola de Protecci\u00f3n de Datos (https:\/\/www.aepd.es\/).<\/p>\n<p>Todas las comunicaciones privadas entre ANIMA TANATORIO DE ANIMALES SL y sus usuarios o compradores ser\u00e1n consideradas confidenciales y en ning\u00fan caso se transferir\u00e1n a terceros, salvo en la medida en que as\u00ed lo requiera la prestaci\u00f3n de los servicios contratados. En el mismo sentido, en caso de que los datos sean requeridos por v\u00eda legal, administrativa o judicial, la Empresa se ver\u00e1 obligada a revelar los mismos, pero siempre en la medida en que la legislaci\u00f3n y normas de procedimiento lo permitan.&nbsp;<\/p>\n<p>ANIMA TANATORIO DE ANIMALES SL se reserva el derecho de verificar la informaci\u00f3n facilitada por el usuario quien, por su parte, una vez registrado, podr\u00e1 acceder en todo momento a su perfil. <br>ANIMA TANATORIO DE ANIMALES SL advierte al usuario de que podr\u00e1 rechazar las peticiones de registro realizadas de forma fraudulenta o en vulneraci\u00f3n de normas y derechos de terceros, pudiendo ser dados de baja si infringen las condiciones legales del sitio web. <br>El usuario es responsable del uso y confidencialidad de su contrase\u00f1a de acceso. Por ello, ante cualquier sospecha de que la seguridad se ha visto vulnerada, deber\u00e1 proceder a modificarla inmediatamente.<\/p>\n<p>Los datos personales recolectados son de car\u00e1cter meramente identificativo. Los mismos ser\u00e1n resguardados el tiempo que sea necesario para que ANIMA TANATORIO DE ANIMALES SL pueda cumplir con sus obligaciones contractuales, legales o reglamentarias durante los plazos aplicables en la normativa vigente.<\/p>\n<p>ANIMA TANATORIO ANIMALES SL se reserva el derecho a modificar esta pol\u00edtica de acuerdo a su propio criterio, o motivado por un cambio legislativo, jurisprudencial o doctrinal de la Agencia Espa\u00f1ola de Protecci\u00f3n de Datos, as\u00ed como a pr\u00e1cticas de la industria.&nbsp;<\/p>\n<p>Adem\u00e1s, esta Pol\u00edtica de Privacidad puede variar en funci\u00f3n de exigencias legislativas o de autorregulaci\u00f3n, por lo que te aconsejamos que la visites peri\u00f3dicamente para estar al tanto de los \u00faltimos cambios o actualizaciones.&nbsp;<\/p>\n<p>Los cambios o actualizaciones de esta Pol\u00edtica de Privacidad no ser\u00e1n notificados de forma expl\u00edcita.&nbsp;<\/p>\n<p>A los efectos antes detallados, el responsable del tratamiento de los datos personales es ANIMA TANATORIO DE ANIMALES SL:<\/p>\n<p>Domicilio: Calle Txirrita Maleo, 5, 20100 Renter\u00eda (Guip\u00fazcoa) <br>Correo electr\u00f3nico: info@animastore.es <br>NIF: B67246041<\/p>\t\t\t\t\t\t\t\t<\/div>\n\t\t\t\t<\/div>\n\t\t\t\t\t<\/div>\n\t\t<\/div>\n\t\t\t\t\t<\/div>\n\t\t<\/section>\n\t\t\t\t<\/div>","protected":false},"excerpt":{"rendered":"<p>POL\u00cdTICA DE PRIVACIDAD ANIMA TANATORIO DE ANIMALES SL, garantiza la adopci\u00f3n de las medidas t\u00e9cnicas y organizativas de seguridad necesarias para gestionar los datos del usuario con car\u00e1cter personal en conformidad con lo que se establece en el Reglamento (UE) 2016\/679 del Parlamento Europeo y del Consejo, de 27 de abril de 2016, relativo a [&hellip;]<\/p>\n","protected":false},"author":1,"featured_media":0,"parent":0,"menu_order":0,"comment_status":"closed","ping_status":"closed","template":"elementor_header_footer","meta":{"om_disable_all_campaigns":false,"_uf_show_specific_survey":0,"_uf_disable_surveys":false,"footnotes":""},"class_list":["post-2021","page","type-page","status-publish","hentry"],"yoast_head":"<!-- This site is optimized with the Yoast SEO plugin v27.2 - https:\/\/yoast.com\/product\/yoast-seo-wordpress\/ -->\n<title>Pol\u00edtica de privacidad - Anima Crematorio<\/title>\n<meta name=\"robots\" content=\"index, follow, max-snippet:-1, max-image-preview:large, max-video-preview:-1\" \/>\n<link rel=\"canonical\" href=\"https:\/\/animacrematorio.com\/fr\/politica-de-privacidad\/\" \/>\n<meta property=\"og:locale\" content=\"fr_FR\" \/>\n<meta property=\"og:type\" content=\"article\" \/>\n<meta property=\"og:title\" content=\"Pol\u00edtica de privacidad - Anima Crematorio\" \/>\n<meta property=\"og:description\" content=\"POL\u00cdTICA DE PRIVACIDAD ANIMA TANATORIO DE ANIMALES SL, garantiza la adopci\u00f3n de las medidas t\u00e9cnicas y organizativas de seguridad necesarias para gestionar los datos del usuario con car\u00e1cter personal en conformidad con lo que se establece en el Reglamento (UE) 2016\/679 del Parlamento Europeo y del Consejo, de 27 de abril de 2016, relativo a [&hellip;]\" \/>\n<meta property=\"og:url\" content=\"https:\/\/animacrematorio.com\/fr\/politica-de-privacidad\/\" \/>\n<meta property=\"og:site_name\" content=\"Anima Crematorio\" \/>\n<meta property=\"article:publisher\" content=\"https:\/\/www.facebook.com\/animastore.es\" \/>\n<meta property=\"article:modified_time\" content=\"2026-02-19T13:43:06+00:00\" \/>\n<meta name=\"twitter:card\" content=\"summary_large_image\" \/>\n<meta name=\"twitter:label1\" content=\"Dur\u00e9e de lecture estim\u00e9e\" \/>\n\t<meta name=\"twitter:data1\" content=\"5 minutes\" \/>\n<script type=\"application\/ld+json\" class=\"yoast-schema-graph\">{\"@context\":\"https:\/\/schema.org\",\"@graph\":[{\"@type\":\"WebPage\",\"@id\":\"https:\/\/animacrematorio.com\/politica-de-privacidad\/\",\"url\":\"https:\/\/animacrematorio.com\/politica-de-privacidad\/\",\"name\":\"Pol\u00edtica de privacidad - Anima Crematorio\",\"isPartOf\":{\"@id\":\"https:\/\/animacrematorio.com\/#website\"},\"datePublished\":\"2023-11-27T18:02:01+00:00\",\"dateModified\":\"2026-02-19T13:43:06+00:00\",\"breadcrumb\":{\"@id\":\"https:\/\/animacrematorio.com\/politica-de-privacidad\/#breadcrumb\"},\"inLanguage\":\"fr-FR\",\"potentialAction\":[{\"@type\":\"ReadAction\",\"target\":[\"https:\/\/animacrematorio.com\/politica-de-privacidad\/\"]}]},{\"@type\":\"BreadcrumbList\",\"@id\":\"https:\/\/animacrematorio.com\/politica-de-privacidad\/#breadcrumb\",\"itemListElement\":[{\"@type\":\"ListItem\",\"position\":1,\"name\":\"Portada\",\"item\":\"https:\/\/animacrematorio.com\/\"},{\"@type\":\"ListItem\",\"position\":2,\"name\":\"Pol\u00edtica de privacidad\"}]},{\"@type\":\"WebSite\",\"@id\":\"https:\/\/animacrematorio.com\/#website\",\"url\":\"https:\/\/animacrematorio.com\/\",\"name\":\"Anima Crematorio\",\"description\":\"\",\"publisher\":{\"@id\":\"https:\/\/animacrematorio.com\/#organization\"},\"potentialAction\":[{\"@type\":\"SearchAction\",\"target\":{\"@type\":\"EntryPoint\",\"urlTemplate\":\"https:\/\/animacrematorio.com\/?s={search_term_string}\"},\"query-input\":{\"@type\":\"PropertyValueSpecification\",\"valueRequired\":true,\"valueName\":\"search_term_string\"}}],\"inLanguage\":\"fr-FR\"},{\"@type\":\"Organization\",\"@id\":\"https:\/\/animacrematorio.com\/#organization\",\"name\":\"Anima Crematorio\",\"url\":\"https:\/\/animacrematorio.com\/\",\"logo\":{\"@type\":\"ImageObject\",\"inLanguage\":\"fr-FR\",\"@id\":\"https:\/\/animacrematorio.com\/#\/schema\/logo\/image\/\",\"url\":\"https:\/\/animacrematorio.com\/wp-content\/uploads\/2023\/03\/cropped-ANIMA_CRE_NEGRO-1.png\",\"contentUrl\":\"https:\/\/animacrematorio.com\/wp-content\/uploads\/2023\/03\/cropped-ANIMA_CRE_NEGRO-1.png\",\"width\":1475,\"height\":505,\"caption\":\"Anima Crematorio\"},\"image\":{\"@id\":\"https:\/\/animacrematorio.com\/#\/schema\/logo\/image\/\"},\"sameAs\":[\"https:\/\/www.facebook.com\/animastore.es\",\"https:\/\/www.instagram.com\/animastore.es\"]}]}<\/script>\n<!-- \/ Yoast SEO plugin. -->","yoast_head_json":{"title":"Pol\u00edtica de privacidad - Anima Crematorio","robots":{"index":"index","follow":"follow","max-snippet":"max-snippet:-1","max-image-preview":"max-image-preview:large","max-video-preview":"max-video-preview:-1"},"canonical":"https:\/\/animacrematorio.com\/fr\/politica-de-privacidad\/","og_locale":"fr_FR","og_type":"article","og_title":"Pol\u00edtica de privacidad - Anima Crematorio","og_description":"POL\u00cdTICA DE PRIVACIDAD ANIMA TANATORIO DE ANIMALES SL, garantiza la adopci\u00f3n de las medidas t\u00e9cnicas y organizativas de seguridad necesarias para gestionar los datos del usuario con car\u00e1cter personal en conformidad con lo que se establece en el Reglamento (UE) 2016\/679 del Parlamento Europeo y del Consejo, de 27 de abril de 2016, relativo a [&hellip;]","og_url":"https:\/\/animacrematorio.com\/fr\/politica-de-privacidad\/","og_site_name":"Anima Crematorio","article_publisher":"https:\/\/www.facebook.com\/animastore.es","article_modified_time":"2026-02-19T13:43:06+00:00","twitter_card":"summary_large_image","twitter_misc":{"Dur\u00e9e de lecture estim\u00e9e":"5 minutes"},"schema":{"@context":"https:\/\/schema.org","@graph":[{"@type":"WebPage","@id":"https:\/\/animacrematorio.com\/politica-de-privacidad\/","url":"https:\/\/animacrematorio.com\/politica-de-privacidad\/","name":"Pol\u00edtica de privacidad - Anima Crematorio","isPartOf":{"@id":"https:\/\/animacrematorio.com\/#website"},"datePublished":"2023-11-27T18:02:01+00:00","dateModified":"2026-02-19T13:43:06+00:00","breadcrumb":{"@id":"https:\/\/animacrematorio.com\/politica-de-privacidad\/#breadcrumb"},"inLanguage":"fr-FR","potentialAction":[{"@type":"ReadAction","target":["https:\/\/animacrematorio.com\/politica-de-privacidad\/"]}]},{"@type":"BreadcrumbList","@id":"https:\/\/animacrematorio.com\/politica-de-privacidad\/#breadcrumb","itemListElement":[{"@type":"ListItem","position":1,"name":"Portada","item":"https:\/\/animacrematorio.com\/"},{"@type":"ListItem","position":2,"name":"Pol\u00edtica de privacidad"}]},{"@type":"WebSite","@id":"https:\/\/animacrematorio.com\/#website","url":"https:\/\/animacrematorio.com\/","name":"Anima Crematorio","description":"","publisher":{"@id":"https:\/\/animacrematorio.com\/#organization"},"potentialAction":[{"@type":"SearchAction","target":{"@type":"EntryPoint","urlTemplate":"https:\/\/animacrematorio.com\/?s={search_term_string}"},"query-input":{"@type":"PropertyValueSpecification","valueRequired":true,"valueName":"search_term_string"}}],"inLanguage":"fr-FR"},{"@type":"Organization","@id":"https:\/\/animacrematorio.com\/#organization","name":"Anima Crematorio","url":"https:\/\/animacrematorio.com\/","logo":{"@type":"ImageObject","inLanguage":"fr-FR","@id":"https:\/\/animacrematorio.com\/#\/schema\/logo\/image\/","url":"https:\/\/animacrematorio.com\/wp-content\/uploads\/2023\/03\/cropped-ANIMA_CRE_NEGRO-1.png","contentUrl":"https:\/\/animacrematorio.com\/wp-content\/uploads\/2023\/03\/cropped-ANIMA_CRE_NEGRO-1.png","width":1475,"height":505,"caption":"Anima Crematorio"},"image":{"@id":"https:\/\/animacrematorio.com\/#\/schema\/logo\/image\/"},"sameAs":["https:\/\/www.facebook.com\/animastore.es","https:\/\/www.instagram.com\/animastore.es"]}]}},"_links":{"self":[{"href":"https:\/\/animacrematorio.com\/fr\/wp-json\/wp\/v2\/pages\/2021","targetHints":{"allow":["GET"]}}],"collection":[{"href":"https:\/\/animacrematorio.com\/fr\/wp-json\/wp\/v2\/pages"}],"about":[{"href":"https:\/\/animacrematorio.com\/fr\/wp-json\/wp\/v2\/types\/page"}],"author":[{"embeddable":true,"href":"https:\/\/animacrematorio.com\/fr\/wp-json\/wp\/v2\/users\/1"}],"replies":[{"embeddable":true,"href":"https:\/\/animacrematorio.com\/fr\/wp-json\/wp\/v2\/comments?post=2021"}],"version-history":[{"count":7,"href":"https:\/\/animacrematorio.com\/fr\/wp-json\/wp\/v2\/pages\/2021\/revisions"}],"predecessor-version":[{"id":21763,"href":"https:\/\/animacrematorio.com\/fr\/wp-json\/wp\/v2\/pages\/2021\/revisions\/21763"}],"wp:attachment":[{"href":"https:\/\/animacrematorio.com\/fr\/wp-json\/wp\/v2\/media?parent=2021"}],"curies":[{"name":"wp","href":"https:\/\/api.w.org\/{rel}","templated":true}]}}