{"id":2016,"date":"2023-11-27T18:00:59","date_gmt":"2023-11-27T18:00:59","guid":{"rendered":"https:\/\/animacrematorio.com\/?page_id=2016"},"modified":"2026-02-19T13:37:11","modified_gmt":"2026-02-19T13:37:11","slug":"aviso-legal","status":"publish","type":"page","link":"https:\/\/animacrematorio.com\/fr\/aviso-legal\/","title":{"rendered":"Aviso legal"},"content":{"rendered":"<div data-elementor-type=\"wp-page\" data-elementor-id=\"2016\" class=\"elementor elementor-2016\" data-elementor-post-type=\"page\">\n\t\t\t\t\t\t<section class=\"elementor-section elementor-top-section elementor-element elementor-element-83ac882 elementor-section-boxed elementor-section-height-default elementor-section-height-default\" data-id=\"83ac882\" data-element_type=\"section\" data-e-type=\"section\">\n\t\t\t\t\t\t<div class=\"elementor-container elementor-column-gap-default\">\n\t\t\t\t\t<div class=\"elementor-column elementor-col-100 elementor-top-column elementor-element elementor-element-2267142\" data-id=\"2267142\" data-element_type=\"column\" data-e-type=\"column\">\n\t\t\t<div class=\"elementor-widget-wrap elementor-element-populated\">\n\t\t\t\t\t\t<div class=\"elementor-element elementor-element-fb0767a elementor-widget elementor-widget-heading\" data-id=\"fb0767a\" data-element_type=\"widget\" data-e-type=\"widget\" data-widget_type=\"heading.default\">\n\t\t\t\t<div class=\"elementor-widget-container\">\n\t\t\t\t\t<h2 class=\"elementor-heading-title elementor-size-default\">AVISO LEGAL<\/h2>\t\t\t\t<\/div>\n\t\t\t\t<\/div>\n\t\t\t\t<div class=\"elementor-element elementor-element-8c9cd1b politicas_color elementor-widget elementor-widget-text-editor\" data-id=\"8c9cd1b\" data-element_type=\"widget\" data-e-type=\"widget\" data-widget_type=\"text-editor.default\">\n\t\t\t\t<div class=\"elementor-widget-container\">\n\t\t\t\t\t\t\t\t\t<p>Los contenidos y elementos gr\u00e1ficos del sitio web <a href=\"https:\/\/animacrematorio.com\/fr\/\">www.animacrematorio.com<\/a>&nbsp;son propiedad y est\u00e1n gestionados por ANIMA TANATORIO DE ANIMALES SL:<\/p>\n<p>Calle Txirrita Maleo, 5 <br>20100 Renter\u00eda (Guip\u00fazcoa) <br>info@animastore.es <br>NIF: B67246041<\/p>\n<p>La totalidad de esta p\u00e1gina web es propiedad de ANIMA TANATORIO DE ANIMALES SL y no puede ser objeto de explotaci\u00f3n, reproducci\u00f3n, distribuci\u00f3n, modificaci\u00f3n, comunicaci\u00f3n p\u00fablica, cesi\u00f3n o transformaci\u00f3n, o cualquier otro modo de difusi\u00f3n no autorizada expresamente. <br>El acceso a esta web no otorga a los usuarios derechos ni titularidad ninguna sobre los derechos de propiedad intelectual o industrial de sus contenidos.<\/p>\n<p>El usuario reconoce y consiente que todo copyright, marca registrada y dem\u00e1s derechos de propiedad industrial e intelectual sobre los materiales o contenidos que se aportan como parte de la p\u00e1gina web corresponden a ANIMA TANATORIO DE ANIMALES SL en todo momento o a quienes hayan otorgado una licencia para su uso. El usuario podr\u00e1 hacer uso de dicho material \u00fanicamente en la forma en que ANIMA TANATORIO DE ANIMALES SL se lo autorice expresamente. Esto no le impedir\u00e1 utilizar esta p\u00e1gina web en la medida necesaria para copiar la informaci\u00f3n sobre su pedido o datos de contacto.<\/p>\n<p>En el caso de que el sitio web contenga links a otras p\u00e1ginas web y materiales de terceros, dichos links se facilitar\u00e1n \u00fanicamente a efectos informativos, sin que nosotros tengamos control alguno sobre el contenido de dichas p\u00e1ginas web o materiales. Por lo tanto, ANIMA TANATORIO DE ANIMALES SL no aceptar\u00e1 responsabilidad alguna por cualquier da\u00f1o o p\u00e9rdida derivados de su uso. <br>La informaci\u00f3n o datos personales que el usuario facilite ser\u00e1n tratados con arreglo a lo establecido en la Pol\u00edtica de Privacidad y la Pol\u00edtica de Cookies. Al hacer uso de esta p\u00e1gina web el usuario consiente el tratamiento de dicha informaci\u00f3n y datos y declara que toda la informaci\u00f3n o datos que facilite son veraces y se corresponden con la realidad.&nbsp;<\/p>\n<p>Las relaciones contractuales que surjan entre el usuario y ANIMA TANATORIO DE ANIMALES SL como consecuencia de la adquisici\u00f3n de productos y\/o las actividades realizadas por el usuario mediante el sitio web se regir\u00e1n de acuerdo a lo dispuesto en los T\u00e9rminos y Condiciones. El uso del sitio implica el conocimiento y la aceptaci\u00f3n de ellos.<\/p>\t\t\t\t\t\t\t\t<\/div>\n\t\t\t\t<\/div>\n\t\t\t\t\t<\/div>\n\t\t<\/div>\n\t\t\t\t\t<\/div>\n\t\t<\/section>\n\t\t\t\t<\/div>","protected":false},"excerpt":{"rendered":"<p>AVISO LEGAL Los contenidos y elementos gr\u00e1ficos del sitio web www.animacrematorio.com&nbsp;son propiedad y est\u00e1n gestionados por ANIMA TANATORIO DE ANIMALES SL: Calle Txirrita Maleo, 5 20100 Renter\u00eda (Guip\u00fazcoa) info@animastore.es NIF: B67246041 La totalidad de esta p\u00e1gina web es propiedad de ANIMA TANATORIO DE ANIMALES SL y no puede ser objeto de explotaci\u00f3n, reproducci\u00f3n, distribuci\u00f3n, modificaci\u00f3n, [&hellip;]<\/p>\n","protected":false},"author":1,"featured_media":0,"parent":0,"menu_order":0,"comment_status":"closed","ping_status":"closed","template":"elementor_header_footer","meta":{"om_disable_all_campaigns":false,"_uf_show_specific_survey":0,"_uf_disable_surveys":false,"footnotes":""},"class_list":["post-2016","page","type-page","status-publish","hentry"],"yoast_head":"<!-- This site is optimized with the Yoast SEO plugin v27.2 - https:\/\/yoast.com\/product\/yoast-seo-wordpress\/ -->\n<title>Aviso legal - Anima Crematorio<\/title>\n<meta name=\"robots\" content=\"index, follow, max-snippet:-1, max-image-preview:large, max-video-preview:-1\" \/>\n<link rel=\"canonical\" href=\"https:\/\/animacrematorio.com\/fr\/aviso-legal\/\" \/>\n<meta property=\"og:locale\" content=\"fr_FR\" \/>\n<meta property=\"og:type\" content=\"article\" \/>\n<meta property=\"og:title\" content=\"Aviso legal - Anima Crematorio\" \/>\n<meta property=\"og:description\" content=\"AVISO LEGAL Los contenidos y elementos gr\u00e1ficos del sitio web www.animacrematorio.com&nbsp;son propiedad y est\u00e1n gestionados por ANIMA TANATORIO DE ANIMALES SL: Calle Txirrita Maleo, 5 20100 Renter\u00eda (Guip\u00fazcoa) info@animastore.es NIF: B67246041 La totalidad de esta p\u00e1gina web es propiedad de ANIMA TANATORIO DE ANIMALES SL y no puede ser objeto de explotaci\u00f3n, reproducci\u00f3n, distribuci\u00f3n, modificaci\u00f3n, [&hellip;]\" \/>\n<meta property=\"og:url\" content=\"https:\/\/animacrematorio.com\/fr\/aviso-legal\/\" \/>\n<meta property=\"og:site_name\" content=\"Anima Crematorio\" \/>\n<meta property=\"article:publisher\" content=\"https:\/\/www.facebook.com\/animastore.es\" \/>\n<meta property=\"article:modified_time\" content=\"2026-02-19T13:37:11+00:00\" \/>\n<meta name=\"twitter:card\" content=\"summary_large_image\" \/>\n<meta name=\"twitter:label1\" content=\"Dur\u00e9e de lecture estim\u00e9e\" \/>\n\t<meta name=\"twitter:data1\" content=\"2 minutes\" \/>\n<script type=\"application\/ld+json\" class=\"yoast-schema-graph\">{\"@context\":\"https:\/\/schema.org\",\"@graph\":[{\"@type\":\"WebPage\",\"@id\":\"https:\/\/animacrematorio.com\/aviso-legal\/\",\"url\":\"https:\/\/animacrematorio.com\/aviso-legal\/\",\"name\":\"Aviso legal - Anima Crematorio\",\"isPartOf\":{\"@id\":\"https:\/\/animacrematorio.com\/#website\"},\"datePublished\":\"2023-11-27T18:00:59+00:00\",\"dateModified\":\"2026-02-19T13:37:11+00:00\",\"breadcrumb\":{\"@id\":\"https:\/\/animacrematorio.com\/aviso-legal\/#breadcrumb\"},\"inLanguage\":\"fr-FR\",\"potentialAction\":[{\"@type\":\"ReadAction\",\"target\":[\"https:\/\/animacrematorio.com\/aviso-legal\/\"]}]},{\"@type\":\"BreadcrumbList\",\"@id\":\"https:\/\/animacrematorio.com\/aviso-legal\/#breadcrumb\",\"itemListElement\":[{\"@type\":\"ListItem\",\"position\":1,\"name\":\"Portada\",\"item\":\"https:\/\/animacrematorio.com\/\"},{\"@type\":\"ListItem\",\"position\":2,\"name\":\"Aviso legal\"}]},{\"@type\":\"WebSite\",\"@id\":\"https:\/\/animacrematorio.com\/#website\",\"url\":\"https:\/\/animacrematorio.com\/\",\"name\":\"Anima Crematorio\",\"description\":\"\",\"publisher\":{\"@id\":\"https:\/\/animacrematorio.com\/#organization\"},\"potentialAction\":[{\"@type\":\"SearchAction\",\"target\":{\"@type\":\"EntryPoint\",\"urlTemplate\":\"https:\/\/animacrematorio.com\/?s={search_term_string}\"},\"query-input\":{\"@type\":\"PropertyValueSpecification\",\"valueRequired\":true,\"valueName\":\"search_term_string\"}}],\"inLanguage\":\"fr-FR\"},{\"@type\":\"Organization\",\"@id\":\"https:\/\/animacrematorio.com\/#organization\",\"name\":\"Anima Crematorio\",\"url\":\"https:\/\/animacrematorio.com\/\",\"logo\":{\"@type\":\"ImageObject\",\"inLanguage\":\"fr-FR\",\"@id\":\"https:\/\/animacrematorio.com\/#\/schema\/logo\/image\/\",\"url\":\"https:\/\/animacrematorio.com\/wp-content\/uploads\/2023\/03\/cropped-ANIMA_CRE_NEGRO-1.png\",\"contentUrl\":\"https:\/\/animacrematorio.com\/wp-content\/uploads\/2023\/03\/cropped-ANIMA_CRE_NEGRO-1.png\",\"width\":1475,\"height\":505,\"caption\":\"Anima Crematorio\"},\"image\":{\"@id\":\"https:\/\/animacrematorio.com\/#\/schema\/logo\/image\/\"},\"sameAs\":[\"https:\/\/www.facebook.com\/animastore.es\",\"https:\/\/www.instagram.com\/animastore.es\"]}]}<\/script>\n<!-- \/ Yoast SEO plugin. -->","yoast_head_json":{"title":"Aviso legal - Anima Crematorio","robots":{"index":"index","follow":"follow","max-snippet":"max-snippet:-1","max-image-preview":"max-image-preview:large","max-video-preview":"max-video-preview:-1"},"canonical":"https:\/\/animacrematorio.com\/fr\/aviso-legal\/","og_locale":"fr_FR","og_type":"article","og_title":"Aviso legal - Anima Crematorio","og_description":"AVISO LEGAL Los contenidos y elementos gr\u00e1ficos del sitio web www.animacrematorio.com&nbsp;son propiedad y est\u00e1n gestionados por ANIMA TANATORIO DE ANIMALES SL: Calle Txirrita Maleo, 5 20100 Renter\u00eda (Guip\u00fazcoa) info@animastore.es NIF: B67246041 La totalidad de esta p\u00e1gina web es propiedad de ANIMA TANATORIO DE ANIMALES SL y no puede ser objeto de explotaci\u00f3n, reproducci\u00f3n, distribuci\u00f3n, modificaci\u00f3n, [&hellip;]","og_url":"https:\/\/animacrematorio.com\/fr\/aviso-legal\/","og_site_name":"Anima Crematorio","article_publisher":"https:\/\/www.facebook.com\/animastore.es","article_modified_time":"2026-02-19T13:37:11+00:00","twitter_card":"summary_large_image","twitter_misc":{"Dur\u00e9e de lecture estim\u00e9e":"2 minutes"},"schema":{"@context":"https:\/\/schema.org","@graph":[{"@type":"WebPage","@id":"https:\/\/animacrematorio.com\/aviso-legal\/","url":"https:\/\/animacrematorio.com\/aviso-legal\/","name":"Aviso legal - Anima Crematorio","isPartOf":{"@id":"https:\/\/animacrematorio.com\/#website"},"datePublished":"2023-11-27T18:00:59+00:00","dateModified":"2026-02-19T13:37:11+00:00","breadcrumb":{"@id":"https:\/\/animacrematorio.com\/aviso-legal\/#breadcrumb"},"inLanguage":"fr-FR","potentialAction":[{"@type":"ReadAction","target":["https:\/\/animacrematorio.com\/aviso-legal\/"]}]},{"@type":"BreadcrumbList","@id":"https:\/\/animacrematorio.com\/aviso-legal\/#breadcrumb","itemListElement":[{"@type":"ListItem","position":1,"name":"Portada","item":"https:\/\/animacrematorio.com\/"},{"@type":"ListItem","position":2,"name":"Aviso legal"}]},{"@type":"WebSite","@id":"https:\/\/animacrematorio.com\/#website","url":"https:\/\/animacrematorio.com\/","name":"Anima Crematorio","description":"","publisher":{"@id":"https:\/\/animacrematorio.com\/#organization"},"potentialAction":[{"@type":"SearchAction","target":{"@type":"EntryPoint","urlTemplate":"https:\/\/animacrematorio.com\/?s={search_term_string}"},"query-input":{"@type":"PropertyValueSpecification","valueRequired":true,"valueName":"search_term_string"}}],"inLanguage":"fr-FR"},{"@type":"Organization","@id":"https:\/\/animacrematorio.com\/#organization","name":"Anima Crematorio","url":"https:\/\/animacrematorio.com\/","logo":{"@type":"ImageObject","inLanguage":"fr-FR","@id":"https:\/\/animacrematorio.com\/#\/schema\/logo\/image\/","url":"https:\/\/animacrematorio.com\/wp-content\/uploads\/2023\/03\/cropped-ANIMA_CRE_NEGRO-1.png","contentUrl":"https:\/\/animacrematorio.com\/wp-content\/uploads\/2023\/03\/cropped-ANIMA_CRE_NEGRO-1.png","width":1475,"height":505,"caption":"Anima Crematorio"},"image":{"@id":"https:\/\/animacrematorio.com\/#\/schema\/logo\/image\/"},"sameAs":["https:\/\/www.facebook.com\/animastore.es","https:\/\/www.instagram.com\/animastore.es"]}]}},"_links":{"self":[{"href":"https:\/\/animacrematorio.com\/fr\/wp-json\/wp\/v2\/pages\/2016","targetHints":{"allow":["GET"]}}],"collection":[{"href":"https:\/\/animacrematorio.com\/fr\/wp-json\/wp\/v2\/pages"}],"about":[{"href":"https:\/\/animacrematorio.com\/fr\/wp-json\/wp\/v2\/types\/page"}],"author":[{"embeddable":true,"href":"https:\/\/animacrematorio.com\/fr\/wp-json\/wp\/v2\/users\/1"}],"replies":[{"embeddable":true,"href":"https:\/\/animacrematorio.com\/fr\/wp-json\/wp\/v2\/comments?post=2016"}],"version-history":[{"count":7,"href":"https:\/\/animacrematorio.com\/fr\/wp-json\/wp\/v2\/pages\/2016\/revisions"}],"predecessor-version":[{"id":21757,"href":"https:\/\/animacrematorio.com\/fr\/wp-json\/wp\/v2\/pages\/2016\/revisions\/21757"}],"wp:attachment":[{"href":"https:\/\/animacrematorio.com\/fr\/wp-json\/wp\/v2\/media?parent=2016"}],"curies":[{"name":"wp","href":"https:\/\/api.w.org\/{rel}","templated":true}]}}