{"id":2004,"date":"2023-11-27T17:59:21","date_gmt":"2023-11-27T17:59:21","guid":{"rendered":"https:\/\/animacrematorio.com\/?page_id=2004"},"modified":"2026-02-19T13:41:02","modified_gmt":"2026-02-19T13:41:02","slug":"politica-de-cookies","status":"publish","type":"page","link":"https:\/\/animacrematorio.com\/fr\/politica-de-cookies\/","title":{"rendered":"Pol\u00edtica de cookies"},"content":{"rendered":"<div data-elementor-type=\"wp-page\" data-elementor-id=\"2004\" class=\"elementor elementor-2004\" data-elementor-post-type=\"page\">\n\t\t\t\t\t\t<section class=\"elementor-section elementor-top-section elementor-element elementor-element-83ac882 elementor-section-boxed elementor-section-height-default elementor-section-height-default\" data-id=\"83ac882\" data-element_type=\"section\" data-e-type=\"section\">\n\t\t\t\t\t\t<div class=\"elementor-container elementor-column-gap-default\">\n\t\t\t\t\t<div class=\"elementor-column elementor-col-100 elementor-top-column elementor-element elementor-element-2267142\" data-id=\"2267142\" data-element_type=\"column\" data-e-type=\"column\">\n\t\t\t<div class=\"elementor-widget-wrap elementor-element-populated\">\n\t\t\t\t\t\t<div class=\"elementor-element elementor-element-fb0767a elementor-widget elementor-widget-heading\" data-id=\"fb0767a\" data-element_type=\"widget\" data-e-type=\"widget\" data-widget_type=\"heading.default\">\n\t\t\t\t<div class=\"elementor-widget-container\">\n\t\t\t\t\t<h2 class=\"elementor-heading-title elementor-size-default\">POL\u00cdTICA DE COOKIES <\/h2>\t\t\t\t<\/div>\n\t\t\t\t<\/div>\n\t\t\t\t<div class=\"elementor-element elementor-element-8c9cd1b politicas_color elementor-widget elementor-widget-text-editor\" data-id=\"8c9cd1b\" data-element_type=\"widget\" data-e-type=\"widget\" data-widget_type=\"text-editor.default\">\n\t\t\t\t<div class=\"elementor-widget-container\">\n\t\t\t\t\t\t\t\t\t<p>El acceso a la p\u00e1gina web <a href=\"https:\/\/animacrematorio.com\/fr\/\">www.animacrematorio.com<\/a> puede implicar la utilizaci\u00f3n de cookies. Las cookies son procedimientos autom\u00e1ticos de recogida de informaci\u00f3n que permiten al usuario identificarse de forma autom\u00e1tica y que facilita a ANIMA TANATORIO DE ANIMALES SL la obtenci\u00f3n de informaci\u00f3n sobre los h\u00e1bitos y comportamientos de sus usuarios dentro de su web para as\u00ed poder mejorarlo, personalizar la experiencia del usuario y facilitar la navegaci\u00f3n y usabilidad.&nbsp;<\/p>\n<p>Sin perjuicio de que las cookies recogen informaci\u00f3n mediante procedimientos autom\u00e1ticos, las mismas no permiten contactarse con el n\u00famero de tel\u00e9fono de un usuario o con cualquier otro medio de contacto personal. Tampoco pueden extraer informaci\u00f3n del disco duro o robar informaci\u00f3n personal. La \u00fanica manera de que la informaci\u00f3n privada del usuario forme parte del archivo Cookie es que el usuario d\u00e9 personalmente esa informaci\u00f3n al servidor.&nbsp;&nbsp;<\/p>\n<p>Seg\u00fan la entidad que gestione el dominio desde d\u00f3nde se env\u00edan las cookies y se traten los datos que se obtengan, se pueden distinguir dos tipos: cookies propias (gestionadas exclusivamente por ANIMA TANATORIO DE ANIMALES SL) y cookies de terceros (gestionadas por entidades externas que proporcionan a ANIMA TANATORIO DE ANIMALES SL servicios solicitados para mejorar el sitio web y la experiencia de usuario).<\/p>\n<p>Existe tambi\u00e9n una segunda clasificaci\u00f3n seg\u00fan el plazo de tiempo que permanecen almacenadas en el navegador del cliente, pudiendo tratarse de cookies de sesi\u00f3n (recaban datos mientras el usuario navega por la red) o cookies persistentes (se almacenan en el terminal y la informaci\u00f3n obtenida se utiliza por el responsable de la cookie con la finalidad de prestar el servicio solicitado).<\/p>\n<p>Por \u00faltimo, existe otra clasificaci\u00f3n con cinco tipos de cookies seg\u00fan la finalidad para la que se traten los datos obtenidos: cookies t\u00e9cnicas, cookies de personalizaci\u00f3n, cookies de an\u00e1lisis, cookies publicitarias y cookies de publicidad comportamental.<\/p>\n<p>Para m\u00e1s informaci\u00f3n a este respecto puede consultar la Gu\u00eda sobre el uso de las cookies de la Agencia Espa\u00f1ola de Protecci\u00f3n de Datos.<\/p>\n<p>De conformidad con lo dispuesto en el art\u00edculo 22.2 de la Ley 34\/2002, de 11 de julio, de Servicios de la Sociedad de la Informaci\u00f3n y de Comercio Electr\u00f3nico (LSSI-CE), se informa que este sitio web utiliza las cookies de Google Analytics, servicio anal\u00edtico prestado por Google Inc., almacenando las mismas para poder elaborar estad\u00edsticas sobre el tr\u00e1fico y volumen de visitas de esta web. Al utilizar este sitio web est\u00e1 consintiendo el tratamiento de informaci\u00f3n acerca de usted por Google Inc en la forma y los fines indicados. Por tanto, el ejercicio de cualquier derecho en este sentido deber\u00e1 hacerlo comunicando directamente con Google Inc. La informaci\u00f3n generada por las cookies de Google Analytics sobre el uso de la p\u00e1gina web se transmitir\u00e1 y se almacenar\u00e1 por Google Inc en servidores ubicados en los Estados Unidos. Google solo podr\u00e1 enviar la informaci\u00f3n recabada por Google Analytics a terceros en los casos en los que sea necesario para el funcionamiento del sistema o cuando la ley obligue a tal efecto.&nbsp;&nbsp;&nbsp;<\/p>\n<p>En particular, en este sitio web se utilizan las cookies detalladas a continuaci\u00f3n:<\/p>\n<p><strong>Cookies estrictamente necesarias<\/strong><\/p>\n<table width=\"602\">\n<tbody>\n<tr>\n<td width=\"99\">\n<p>Cookie<\/p>\n<\/td>\n<td width=\"99\">\n<p>Dominio<\/p>\n<\/td>\n<td width=\"104\">\n<p>Tipo&nbsp;<\/p>\n<\/td>\n<td width=\"106\">\n<p>Vencimiento<\/p>\n<\/td>\n<td width=\"193\">\n<p>Descripci\u00f3n<\/p>\n<\/td>\n<\/tr>\n<tr>\n<td width=\"99\">\n<p>PHPSESSID <br><a href=\"about:blank\">M\u00e1s informaci\u00f3n<\/a><\/p>\n<\/td>\n<td width=\"99\">\n<p><a href=\"https:\/\/animacrematorio.com\/fr\/\">www.animacrematorio.com<\/a><\/p>\n<\/td>\n<td width=\"104\">\n<p>Primera fiesta<\/p>\n<\/td>\n<td width=\"106\">\n<p>Sesi\u00f3n<\/p>\n<\/td>\n<td width=\"193\">\n<p>Cookie generada por aplicaciones basadas en el lenguaje PHP. Este es un identificador de prop\u00f3sito general que se utiliza para mantener las variables de sesi\u00f3n del usuario. Normalmente es un n\u00famero generado aleatoriamente, la forma en que se usa puede ser espec\u00edfica del sitio, pero un buen ejemplo es mantener el estado de inicio de sesi\u00f3n de un usuario entre p\u00e1ginas.<\/p>\n<\/td>\n<\/tr>\n<\/tbody>\n<\/table>\n<p><strong>Cookies de rendimiento<\/strong><\/p>\n<table width=\"602\">\n<tbody>\n<tr>\n<td width=\"99\">\n<p>Cookie<\/p>\n<\/td>\n<td width=\"104\">\n<p>Dominio<\/p>\n<\/td>\n<td width=\"106\">\n<p>Tipo&nbsp;<\/p>\n<\/td>\n<td width=\"104\">\n<p>Vencimiento<\/p>\n<\/td>\n<td width=\"188\">\n<p>Descripci\u00f3n<\/p>\n<\/td>\n<\/tr>\n<tr>\n<td width=\"99\">\n<p>_gid <br><a href=\"about:blank\">M\u00e1s informaci\u00f3n<\/a><\/p>\n<\/td>\n<td width=\"104\">\n<p>.animacrematorio.com<\/p>\n<\/td>\n<td width=\"106\">\n<p>Primera fiesta<\/p>\n<\/td>\n<td width=\"104\">\n<p>1 d\u00eda<\/p>\n<\/td>\n<td width=\"188\">\n<p>Esta cookie la establece Google Analytics. Almacena y actualiza un valor \u00fanico para cada p\u00e1gina visitada y se utiliza para contar y realizar un seguimiento de las p\u00e1ginas vistas.<\/p>\n<\/td>\n<\/tr>\n<tr>\n<td width=\"99\">\n<p>_ga_DLMTF97Y3Q <br><a href=\"about:blank\">M\u00e1s informaci\u00f3n<\/a><\/p>\n<\/td>\n<td width=\"104\">\n<p>.<span style=\"font-size: 14.4px;\">animacrematorio.com<\/span><\/p>\n<\/td>\n<td width=\"106\">\n<p>Primera fiesta<\/p>\n<\/td>\n<td width=\"104\">\n<p>1 a\u00f1o 1 mes<\/p>\n<\/td>\n<td width=\"188\">\n<p>Google Analytics utiliza esta cookie para conservar el estado de la sesi\u00f3n.<\/p>\n<\/td>\n<\/tr>\n<tr>\n<td width=\"99\">\n<p>_ga <br><a href=\"about:blank\">M\u00e1s informaci\u00f3n<\/a><\/p>\n<\/td>\n<td width=\"104\">\n<p>.<span style=\"font-size: 14.4px;\">animacrematorio.com<\/span><\/p>\n<\/td>\n<td width=\"106\">\n<p>Primera fiesta<\/p>\n<\/td>\n<td width=\"104\">\n<p>1 a\u00f1o 1 mes<\/p>\n<\/td>\n<td width=\"188\">\n<p>Este nombre de cookie est\u00e1 asociado con Google Universal Analytics, que es una actualizaci\u00f3n importante del servicio de an\u00e1lisis m\u00e1s utilizado de Google. Esta cookie se utiliza para distinguir usuarios \u00fanicos asignando un n\u00famero generado aleatoriamente como identificador de cliente. Se incluye en cada solicitud de p\u00e1gina de un sitio y se utiliza para calcular los datos de visitantes, sesiones y campa\u00f1as para los informes anal\u00edticos del sitio.<\/p>\n<\/td>\n<\/tr>\n<\/tbody>\n<\/table>\n<p><strong>Cookies de orientaci\u00f3n<\/strong>&nbsp;<\/p>\n<table width=\"602\">\n<tbody>\n<tr>\n<td width=\"99\">\n<p>Cookie<\/p>\n<\/td>\n<td width=\"99\">\n<p>Dominio<\/p>\n<\/td>\n<td width=\"109\">\n<p>Tipo&nbsp;<\/p>\n<\/td>\n<td width=\"112\">\n<p>Vencimiento<\/p>\n<\/td>\n<td width=\"182\">\n<p>Descripci\u00f3n<\/p>\n<\/td>\n<\/tr>\n<tr>\n<td width=\"99\">\n<p>_gat_gtag_UA_136335840_1 <br><a href=\"about:blank\">M\u00e1s informaci\u00f3n<\/a><\/p>\n<\/td>\n<td width=\"99\">\n<p>.<span style=\"font-size: 14.4px;\">animacrematorio.com<\/span><\/p>\n<\/td>\n<td width=\"109\">\n<p>Primera fiesta<\/p>\n<\/td>\n<td width=\"112\">\n<p>55 segundos<\/p>\n<\/td>\n<td width=\"182\">\n<p>Esta cookie forma parte de Google Analytics y se utiliza para limitar las solicitudes (acelerar la tasa de solicitudes).<\/p>\n<\/td>\n<\/tr>\n<\/tbody>\n<\/table>\n<p>Las cookies que permiten identificar a una persona se consideran datos personales. Por tanto, a las mismas les ser\u00e1 de aplicaci\u00f3n la Pol\u00edtica de Privacidad (disponible en el sitio web). En este sentido, para la utilizaci\u00f3n de las mismas ser\u00e1 necesario el consentimiento del usuario. Este consentimiento ser\u00e1 comunicado, en base a una elecci\u00f3n aut\u00e9ntica, ofrecido mediante una decisi\u00f3n afirmativa y positiva, antes del tratamiento inicial, removible y documentado.&nbsp;&nbsp;<\/p>\n<p>En caso de que el usuario decida no autorizar su uso, ANIMA TANATORIO DE ANIMALES SL no almacenar\u00eda ninguna cookie y tan s\u00f3lo se usar\u00edan las cookies t\u00e9cnicas dado que sin ellas no es posible navegar por la web. En caso de seguir navegando por la web y no denegar la autorizaci\u00f3n, dicha actividad implicar\u00e1 la aceptaci\u00f3n de su uso.&nbsp; <br>El usuario podr\u00e1 deshabilitar, rechazar y eliminar las cookies \u2014total o parcialmente\u2014 instaladas en su dispositivo mediante la configuraci\u00f3n de su navegador de internet. En cada navegador la operativa es diferente, a continuaci\u00f3n, se facilitan los enlaces de distintos navegadores sobre c\u00f3mo realizar dichas modificaciones:<\/p>\n<p>Microsoft Edge: https:\/\/support.microsoft.com\/es-es\/microsoft-edge\/eliminar-las-cookies-en-microsoft-edge-63947406-40ac-c3b8-57b9-2a946a29ae09&nbsp;<\/p>\n<p>FireFox:&nbsp; https:\/\/support.mozilla.org\/es\/kb\/habilitar-y-deshabilitar-cookies-sitios-web-rastrear-preferencias?redirectslug=habilitar-y-deshabilitar-cookies-que-los-sitios-we&amp;redirectlocale=es&nbsp;<\/p>\n<p>Chrome: https:\/\/support.google.com\/chrome\/answer\/95647?hl=es&nbsp;<\/p>\n<p>Safari: www.apple.com\/es\/privacy\/use-of-cookies\/&nbsp;<\/p>\n<p>&nbsp;En caso de realizar modificaciones en la configuraci\u00f3n de las cookies, ANIMA TANATORIO DE ANIMALES SL informa que no asegura el correcto funcionamiento del sitio web, pudiendo verse limitada la utilizaci\u00f3n de ciertas prestaciones del mismo.&nbsp;&nbsp;<\/p>\t\t\t\t\t\t\t\t<\/div>\n\t\t\t\t<\/div>\n\t\t\t\t\t<\/div>\n\t\t<\/div>\n\t\t\t\t\t<\/div>\n\t\t<\/section>\n\t\t\t\t<\/div>","protected":false},"excerpt":{"rendered":"<p>POL\u00cdTICA DE COOKIES El acceso a la p\u00e1gina web www.animacrematorio.com puede implicar la utilizaci\u00f3n de cookies. Las cookies son procedimientos autom\u00e1ticos de recogida de informaci\u00f3n que permiten al usuario identificarse de forma autom\u00e1tica y que facilita a ANIMA TANATORIO DE ANIMALES SL la obtenci\u00f3n de informaci\u00f3n sobre los h\u00e1bitos y comportamientos de sus usuarios dentro [&hellip;]<\/p>\n","protected":false},"author":1,"featured_media":0,"parent":0,"menu_order":0,"comment_status":"closed","ping_status":"closed","template":"elementor_header_footer","meta":{"om_disable_all_campaigns":false,"_uf_show_specific_survey":0,"_uf_disable_surveys":false,"footnotes":""},"class_list":["post-2004","page","type-page","status-publish","hentry"],"yoast_head":"<!-- This site is optimized with the Yoast SEO plugin v27.2 - https:\/\/yoast.com\/product\/yoast-seo-wordpress\/ -->\n<title>Pol\u00edtica de cookies - Anima Crematorio<\/title>\n<meta name=\"robots\" content=\"index, follow, max-snippet:-1, max-image-preview:large, max-video-preview:-1\" \/>\n<link rel=\"canonical\" href=\"https:\/\/animacrematorio.com\/fr\/politica-de-cookies\/\" \/>\n<meta property=\"og:locale\" content=\"fr_FR\" \/>\n<meta property=\"og:type\" content=\"article\" \/>\n<meta property=\"og:title\" content=\"Pol\u00edtica de cookies - Anima Crematorio\" \/>\n<meta property=\"og:description\" content=\"POL\u00cdTICA DE COOKIES El acceso a la p\u00e1gina web www.animacrematorio.com puede implicar la utilizaci\u00f3n de cookies. Las cookies son procedimientos autom\u00e1ticos de recogida de informaci\u00f3n que permiten al usuario identificarse de forma autom\u00e1tica y que facilita a ANIMA TANATORIO DE ANIMALES SL la obtenci\u00f3n de informaci\u00f3n sobre los h\u00e1bitos y comportamientos de sus usuarios dentro [&hellip;]\" \/>\n<meta property=\"og:url\" content=\"https:\/\/animacrematorio.com\/fr\/politica-de-cookies\/\" \/>\n<meta property=\"og:site_name\" content=\"Anima Crematorio\" \/>\n<meta property=\"article:publisher\" content=\"https:\/\/www.facebook.com\/animastore.es\" \/>\n<meta property=\"article:modified_time\" content=\"2026-02-19T13:41:02+00:00\" \/>\n<meta name=\"twitter:card\" content=\"summary_large_image\" \/>\n<meta name=\"twitter:label1\" content=\"Dur\u00e9e de lecture estim\u00e9e\" \/>\n\t<meta name=\"twitter:data1\" content=\"5 minutes\" \/>\n<script type=\"application\/ld+json\" class=\"yoast-schema-graph\">{\"@context\":\"https:\/\/schema.org\",\"@graph\":[{\"@type\":\"WebPage\",\"@id\":\"https:\/\/animacrematorio.com\/politica-de-cookies\/\",\"url\":\"https:\/\/animacrematorio.com\/politica-de-cookies\/\",\"name\":\"Pol\u00edtica de cookies - Anima Crematorio\",\"isPartOf\":{\"@id\":\"https:\/\/animacrematorio.com\/#website\"},\"datePublished\":\"2023-11-27T17:59:21+00:00\",\"dateModified\":\"2026-02-19T13:41:02+00:00\",\"breadcrumb\":{\"@id\":\"https:\/\/animacrematorio.com\/politica-de-cookies\/#breadcrumb\"},\"inLanguage\":\"fr-FR\",\"potentialAction\":[{\"@type\":\"ReadAction\",\"target\":[\"https:\/\/animacrematorio.com\/politica-de-cookies\/\"]}]},{\"@type\":\"BreadcrumbList\",\"@id\":\"https:\/\/animacrematorio.com\/politica-de-cookies\/#breadcrumb\",\"itemListElement\":[{\"@type\":\"ListItem\",\"position\":1,\"name\":\"Portada\",\"item\":\"https:\/\/animacrematorio.com\/\"},{\"@type\":\"ListItem\",\"position\":2,\"name\":\"Pol\u00edtica de cookies\"}]},{\"@type\":\"WebSite\",\"@id\":\"https:\/\/animacrematorio.com\/#website\",\"url\":\"https:\/\/animacrematorio.com\/\",\"name\":\"Anima Crematorio\",\"description\":\"\",\"publisher\":{\"@id\":\"https:\/\/animacrematorio.com\/#organization\"},\"potentialAction\":[{\"@type\":\"SearchAction\",\"target\":{\"@type\":\"EntryPoint\",\"urlTemplate\":\"https:\/\/animacrematorio.com\/?s={search_term_string}\"},\"query-input\":{\"@type\":\"PropertyValueSpecification\",\"valueRequired\":true,\"valueName\":\"search_term_string\"}}],\"inLanguage\":\"fr-FR\"},{\"@type\":\"Organization\",\"@id\":\"https:\/\/animacrematorio.com\/#organization\",\"name\":\"Anima Crematorio\",\"url\":\"https:\/\/animacrematorio.com\/\",\"logo\":{\"@type\":\"ImageObject\",\"inLanguage\":\"fr-FR\",\"@id\":\"https:\/\/animacrematorio.com\/#\/schema\/logo\/image\/\",\"url\":\"https:\/\/animacrematorio.com\/wp-content\/uploads\/2023\/03\/cropped-ANIMA_CRE_NEGRO-1.png\",\"contentUrl\":\"https:\/\/animacrematorio.com\/wp-content\/uploads\/2023\/03\/cropped-ANIMA_CRE_NEGRO-1.png\",\"width\":1475,\"height\":505,\"caption\":\"Anima Crematorio\"},\"image\":{\"@id\":\"https:\/\/animacrematorio.com\/#\/schema\/logo\/image\/\"},\"sameAs\":[\"https:\/\/www.facebook.com\/animastore.es\",\"https:\/\/www.instagram.com\/animastore.es\"]}]}<\/script>\n<!-- \/ Yoast SEO plugin. -->","yoast_head_json":{"title":"Pol\u00edtica de cookies - Anima Crematorio","robots":{"index":"index","follow":"follow","max-snippet":"max-snippet:-1","max-image-preview":"max-image-preview:large","max-video-preview":"max-video-preview:-1"},"canonical":"https:\/\/animacrematorio.com\/fr\/politica-de-cookies\/","og_locale":"fr_FR","og_type":"article","og_title":"Pol\u00edtica de cookies - Anima Crematorio","og_description":"POL\u00cdTICA DE COOKIES El acceso a la p\u00e1gina web www.animacrematorio.com puede implicar la utilizaci\u00f3n de cookies. Las cookies son procedimientos autom\u00e1ticos de recogida de informaci\u00f3n que permiten al usuario identificarse de forma autom\u00e1tica y que facilita a ANIMA TANATORIO DE ANIMALES SL la obtenci\u00f3n de informaci\u00f3n sobre los h\u00e1bitos y comportamientos de sus usuarios dentro [&hellip;]","og_url":"https:\/\/animacrematorio.com\/fr\/politica-de-cookies\/","og_site_name":"Anima Crematorio","article_publisher":"https:\/\/www.facebook.com\/animastore.es","article_modified_time":"2026-02-19T13:41:02+00:00","twitter_card":"summary_large_image","twitter_misc":{"Dur\u00e9e de lecture estim\u00e9e":"5 minutes"},"schema":{"@context":"https:\/\/schema.org","@graph":[{"@type":"WebPage","@id":"https:\/\/animacrematorio.com\/politica-de-cookies\/","url":"https:\/\/animacrematorio.com\/politica-de-cookies\/","name":"Pol\u00edtica de cookies - Anima Crematorio","isPartOf":{"@id":"https:\/\/animacrematorio.com\/#website"},"datePublished":"2023-11-27T17:59:21+00:00","dateModified":"2026-02-19T13:41:02+00:00","breadcrumb":{"@id":"https:\/\/animacrematorio.com\/politica-de-cookies\/#breadcrumb"},"inLanguage":"fr-FR","potentialAction":[{"@type":"ReadAction","target":["https:\/\/animacrematorio.com\/politica-de-cookies\/"]}]},{"@type":"BreadcrumbList","@id":"https:\/\/animacrematorio.com\/politica-de-cookies\/#breadcrumb","itemListElement":[{"@type":"ListItem","position":1,"name":"Portada","item":"https:\/\/animacrematorio.com\/"},{"@type":"ListItem","position":2,"name":"Pol\u00edtica de cookies"}]},{"@type":"WebSite","@id":"https:\/\/animacrematorio.com\/#website","url":"https:\/\/animacrematorio.com\/","name":"Anima Crematorio","description":"","publisher":{"@id":"https:\/\/animacrematorio.com\/#organization"},"potentialAction":[{"@type":"SearchAction","target":{"@type":"EntryPoint","urlTemplate":"https:\/\/animacrematorio.com\/?s={search_term_string}"},"query-input":{"@type":"PropertyValueSpecification","valueRequired":true,"valueName":"search_term_string"}}],"inLanguage":"fr-FR"},{"@type":"Organization","@id":"https:\/\/animacrematorio.com\/#organization","name":"Anima Crematorio","url":"https:\/\/animacrematorio.com\/","logo":{"@type":"ImageObject","inLanguage":"fr-FR","@id":"https:\/\/animacrematorio.com\/#\/schema\/logo\/image\/","url":"https:\/\/animacrematorio.com\/wp-content\/uploads\/2023\/03\/cropped-ANIMA_CRE_NEGRO-1.png","contentUrl":"https:\/\/animacrematorio.com\/wp-content\/uploads\/2023\/03\/cropped-ANIMA_CRE_NEGRO-1.png","width":1475,"height":505,"caption":"Anima Crematorio"},"image":{"@id":"https:\/\/animacrematorio.com\/#\/schema\/logo\/image\/"},"sameAs":["https:\/\/www.facebook.com\/animastore.es","https:\/\/www.instagram.com\/animastore.es"]}]}},"_links":{"self":[{"href":"https:\/\/animacrematorio.com\/fr\/wp-json\/wp\/v2\/pages\/2004","targetHints":{"allow":["GET"]}}],"collection":[{"href":"https:\/\/animacrematorio.com\/fr\/wp-json\/wp\/v2\/pages"}],"about":[{"href":"https:\/\/animacrematorio.com\/fr\/wp-json\/wp\/v2\/types\/page"}],"author":[{"embeddable":true,"href":"https:\/\/animacrematorio.com\/fr\/wp-json\/wp\/v2\/users\/1"}],"replies":[{"embeddable":true,"href":"https:\/\/animacrematorio.com\/fr\/wp-json\/wp\/v2\/comments?post=2004"}],"version-history":[{"count":10,"href":"https:\/\/animacrematorio.com\/fr\/wp-json\/wp\/v2\/pages\/2004\/revisions"}],"predecessor-version":[{"id":21760,"href":"https:\/\/animacrematorio.com\/fr\/wp-json\/wp\/v2\/pages\/2004\/revisions\/21760"}],"wp:attachment":[{"href":"https:\/\/animacrematorio.com\/fr\/wp-json\/wp\/v2\/media?parent=2004"}],"curies":[{"name":"wp","href":"https:\/\/api.w.org\/{rel}","templated":true}]}}