{"id":1997,"date":"2023-11-27T17:55:41","date_gmt":"2023-11-27T17:55:41","guid":{"rendered":"https:\/\/animacrematorio.com\/?page_id=1997"},"modified":"2026-02-19T13:45:18","modified_gmt":"2026-02-19T13:45:18","slug":"terminos-y-condiciones","status":"publish","type":"page","link":"https:\/\/animacrematorio.com\/fr\/terminos-y-condiciones\/","title":{"rendered":"T\u00e9rminos y condiciones"},"content":{"rendered":"<div data-elementor-type=\"wp-page\" data-elementor-id=\"1997\" class=\"elementor elementor-1997\" data-elementor-post-type=\"page\">\n\t\t\t\t\t\t<section class=\"elementor-section elementor-top-section elementor-element elementor-element-83ac882 elementor-section-boxed elementor-section-height-default elementor-section-height-default\" data-id=\"83ac882\" data-element_type=\"section\" data-e-type=\"section\">\n\t\t\t\t\t\t<div class=\"elementor-container elementor-column-gap-default\">\n\t\t\t\t\t<div class=\"elementor-column elementor-col-100 elementor-top-column elementor-element elementor-element-2267142\" data-id=\"2267142\" data-element_type=\"column\" data-e-type=\"column\">\n\t\t\t<div class=\"elementor-widget-wrap elementor-element-populated\">\n\t\t\t\t\t\t<div class=\"elementor-element elementor-element-fb0767a elementor-widget elementor-widget-heading\" data-id=\"fb0767a\" data-element_type=\"widget\" data-e-type=\"widget\" data-widget_type=\"heading.default\">\n\t\t\t\t<div class=\"elementor-widget-container\">\n\t\t\t\t\t<h2 class=\"elementor-heading-title elementor-size-default\">T\u00e9rminos y condiciones<\/h2>\t\t\t\t<\/div>\n\t\t\t\t<\/div>\n\t\t\t\t<div class=\"elementor-element elementor-element-8c9cd1b politicas_color elementor-widget elementor-widget-text-editor\" data-id=\"8c9cd1b\" data-element_type=\"widget\" data-e-type=\"widget\" data-widget_type=\"text-editor.default\">\n\t\t\t\t<div class=\"elementor-widget-container\">\n\t\t\t\t\t\t\t\t\t<p><strong>CONDICIONES GENERALES <\/strong><em>&nbsp;<\/em><\/p>\n<p>El presente documento establece los t\u00e9rminos y condiciones generales por las que se rige la navegaci\u00f3n en esta p\u00e1gina web (<a href=\"https:\/\/animacrematorio.com\/fr\/\">http:\/\/www.animacrematorio.com<\/a>) y los servicios ofrecidos en la misma.<\/p>\n<p>Los presentes T\u00e9rminos y Condiciones tienen car\u00e1cter obligatorio y vinculante. Se aplican a todas las compras y actividades realizadas mediante la p\u00e1gina web. El uso del sitio implica el conocimiento y la aceptaci\u00f3n de ellos.<\/p>\n<p>Los T\u00e9rminos y Condiciones podr\u00e1n ser sustituidos o sufrir modificaciones en cualquier momento y a exclusivo criterio de ANIMA TANATORIO DE ANIMALES SL, y no se requerir\u00e1 a los usuarios su consentimiento. Las modificaciones no tendr\u00e1n efecto retroactivo, por lo que, para las transacciones en curso que hayan comenzado con anterioridad a dichas modificaciones, subsistir\u00e1n las condiciones vigentes al momento de su concertaci\u00f3n.<\/p>\n<p><strong>CONDICIONES DE COMPRA<\/strong><\/p>\n<p>La aceptaci\u00f3n de la compra mediante la confirmaci\u00f3n del pedido realizado implica que usted acepta las presentes condiciones, las cuales regir\u00e1n, en defecto de condiciones particulares, la relaci\u00f3n establecida entre usted y ANIMA TANATORIO DE ANIMALES SL.<\/p>\n<p><strong>PRECIO Y PROCESO DE COMPRA<\/strong><\/p>\n<p>Los precios de la p\u00e1gina web incluyen IVA, pero excluyen los gastos de env\u00edo, que se a\u00f1adir\u00e1n al importe total previo a efectuar el pago.<\/p>\n<p>Los precios pueden cambiar en cualquier momento, pero los posibles cambios no afectar\u00e1n a los pedidos en curso respecto a los que ya se les hubiera enviado una confirmaci\u00f3n de compra.<\/p>\n<p>Una vez que el usuario haya seleccionado todos los art\u00edculos que desea comprar, estos se habr\u00e1n a\u00f1adido a su cesta y el paso siguiente ser\u00e1 tramitar el pedido y efectuar el pago. Para ello, deber\u00e1 seguir los pasos del proceso de compra, rellenando o comprobando la informaci\u00f3n que en cada paso se le solicita. Asimismo, durante el proceso de compra, de forma previa a realizar el pago, el usuario podr\u00e1 modificar los datos de su pedido.<\/p>\n<p>Finalizado el proceso de compra el cliente recibir\u00e1 una confirmaci\u00f3n del mismo por correo electr\u00f3nico. Es imprescindible que durante el proceso de compra el usuario indique un correo electr\u00f3nico v\u00e1lido.<\/p>\n<p><strong>PAGOS<\/strong><\/p>\n<p>El pago se debe realizar con tarjeta de cr\u00e9dito o d\u00e9bito. La forma de pago se elige en el momento de realizar la compra y no podr\u00e1 ser modificada una vez efectuado el pago (es decir, luego de hacer clic en \u201cPagar\u201d y que se confirme exitosamente la compra).<em><br><\/em>El pago de los art\u00edculos supone la completa finalizaci\u00f3n de la transacci\u00f3n y la completa aceptaci\u00f3n de las condiciones de venta. <em>&nbsp;<\/em><\/p>\n<p><strong>Tarjeta de cr\u00e9dito y d\u00e9bito<\/strong><\/p>\n<p>Las tarjetas de cr\u00e9dito o d\u00e9bito estar\u00e1n sujetas a comprobaciones y autorizaciones por parte de la entidad emisora de las mismas, pero si dicha entidad no autorizase el pago, no nos haremos responsables por ning\u00fan retraso o falta de entrega y no podremos formalizar ning\u00fan contrato con usted.<\/p>\n<p>Al hacer clic en \u201cPagar&#8221; usted est\u00e1 confirmando que la tarjeta de cr\u00e9dito es de su titularidad. <em>&nbsp;<\/em><\/p>\n<p><em><br><\/em><strong>PRODUCTOS<\/strong><\/p>\n<p>Los productos ofertados en el sitio web, incorporan una fotograf\u00eda y las caracter\u00edsticas esenciales del mismo, esta es la informaci\u00f3n obtenida del propio fabricante. El color del producto, observable en la fotograf\u00eda no es vinculante. En las caracter\u00edsticas se identifica el mismo.<\/p>\n<p>Todos los pedidos est\u00e1n sujetos a la disponibilidad de los productos. Si se produjeran dificultades en cuanto al suministro de productos o si no quedan art\u00edculos en stock, le reembolsaremos cualquier cantidad que pudiera usted haber abonado.<\/p>\n<p><strong>ENV\u00cdOS<\/strong><\/p>\n<p>El importe de los gastos de env\u00edo est\u00e1 incluido en el precio total del pedido para env\u00edos nacionales y Comunidad Europea. El cliente ser\u00e1 informado de los costos de env\u00edo de forma previa a finalizar su compra. Tales costos son calculados en funci\u00f3n del importe del carrito de compra y del domicilio de entrega. Si se trata de un pedido de varios productos, se procurar\u00e1 agruparlos en un solo env\u00edo, siempre que sea posible y que esto no demore en exceso la entrega. Si los productos se encuentran en stock el env\u00edo se realizar\u00e1 en un per\u00edodo de 24 a 48 horas, a excepci\u00f3n de los productos personalizables que se ajustar\u00e1n a cada producto.<\/p>\n<p>La direcci\u00f3n en donde se entregar\u00e1 el producto ser\u00e1 la que el cliente indique al momento de realizar la compra, la que podr\u00e1 o no coincidir con su domicilio. Es responsabilidad exclusiva del usuario completar y revisar cuidadosamente la informaci\u00f3n relacionada con la entrega, para que el env\u00edo de la compra se haga de manera efectiva y puntual.<\/p>\n<p>ANIMA TANATORIO DE ANIMALES SL no asume responsabilidad alguna cuando la entrega del producto no llegue a realizarse como consecuencia de que los datos facilitados por el usuario sean falsos, inexactos o incompletos o cuando la entrega no pueda efectuarse por causas ajenas a la empresa de env\u00edos, asignada para tal efecto.<\/p>\n<p><strong>POL\u00cdTICA DE DEVOLUCIONES<\/strong><\/p>\n<p><strong>Devoluciones<\/strong><\/p>\n<p>Los pedidos se pueden cancelar sin coste alguno hasta el momento en que el env\u00edo se hace efectivo. Si recibimos aviso de cancelaci\u00f3n una vez el paquete est\u00e9 enviado, ser\u00e1 considerado una devoluci\u00f3n.<\/p>\n<p>Las devoluciones pueden hacerse en el plazo m\u00e1ximo de 15 d\u00edas, a partir de la fecha de recepci\u00f3n consignada en el env\u00edo.<\/p>\n<p>Para poder realizar cualquier cambio o devoluci\u00f3n el art\u00edculo debe estar en perfecto estado y en su embalaje original, incluyendo las instrucciones y dem\u00e1s documentos que en su caso se acompa\u00f1en. Bajo ning\u00fan concepto se realizar\u00e1 el canje de productos deteriorados, o que no est\u00e9n en las mismas condiciones en las que se entregaron o que hayan sufrido alg\u00fan da\u00f1o. Tampoco se aceptar\u00e1 la devoluci\u00f3n de art\u00edculos personalizados.<\/p>\n<p>Los gastos de env\u00edo de la devoluci\u00f3n correr\u00e1n a cargo del cliente.<\/p>\n<p>Al recibir correctamente la devoluci\u00f3n del pedido, y luego de examinar el mismo \u2013el cual deber\u00e1 encontrarse en las mismas condiciones en que fue recibido-, se proceder\u00e1 a reembolsar el precio pagado por los productos, por el mismo m\u00e9todo que ha realizado y si no fuese posible se realizar\u00e1 a trav\u00e9s de transferencia bancaria a la cuenta indicada por el cliente.<\/p>\n<p>Quedan excluidos de este supuesto aquellas devoluciones que se deriven de un error atribuible a ANIMA TANATORIO DE ANIMALES SL o de alg\u00fan defecto del producto adquirido. En cuyo caso, si el cliente considera que en el momento de la entrega el producto no se ajusta a lo estipulado en el contrato, deber\u00e1 ponerse en contacto con nosotros de forma inmediata a trav\u00e9s de nuestras v\u00edas de contacto facilitando los datos del producto, as\u00ed como del da\u00f1o que sufre, donde le indicaremos la forma de proceder. En dicho supuesto, de verificarse el defecto se\u00f1alado por el cliente, ANIMA TANATORIO DE ANIMALES SL se compromete a cambiar el producto defectuoso por otro igual; y a cargar con los gastos de devoluci\u00f3n y de env\u00edo. Si no pudiera hacerse el cambio, se reintegrar\u00e1 el importe por el mismo m\u00e9todo que se haya realizado la compra.<\/p>\n<p><strong>Derecho legal de Desistimiento<\/strong><\/p>\n<p>Seg\u00fan la normativa vigente el cliente en su car\u00e1cter de usuario y consumidor tiene derecho al desistimiento de su pedido dentro de los 14 d\u00edas naturales siguientes a la fecha de env\u00edo del pedido sin penalizaci\u00f3n alguna y sin indicaci\u00f3n de los motivos.<\/p>\n<p>En caso de desistimiento de su parte, se devolver\u00e1 al cliente todos los pagos recibidos en la transacci\u00f3n inicial, incluidos los gastos de la entrega inicial (con la excepci\u00f3n de los gastos adicionales resultantes de la elecci\u00f3n por su parte de una modalidad de entrega diferente a la modalidad menos costosa de entrega ordinaria que ofrezcamos).<\/p>\n<p>El reembolso del importe abonado en la transacci\u00f3n inicial se realizar\u00e1 por el mismo m\u00e9todo empleado por el cliente y si no fuese posible se efectuar\u00e1 a trav\u00e9s de transferencia bancaria a la cuenta indicada por el usuario, sin ninguna demora indebida y, en todo caso, a m\u00e1s tardar en el plazo 14 d\u00edas naturales a partir de la fecha en la que se nos informe de su decisi\u00f3n de desistir del presente contrato.<\/p>\n<p>Los gastos de env\u00edo de la devoluci\u00f3n correr\u00e1n a cargo del cliente, debiendo efectuar la misma a m\u00e1s tardar en el plazo de 14 d\u00edas naturales a partir de la fecha en que comunic\u00f3 la decisi\u00f3n de desistimiento del contrato.<\/p>\n<p>Los suministros de servicios o bienes confeccionados conforme a las especificaciones del consumidor o claramente personalizados, o que, por su naturaleza, no puedan ser devueltos o puedan deteriorarse o caducar con rapidez, est\u00e1n exentos de desistimiento.<\/p>\n<p>De igual forma, no ser\u00e1 procedente el desistimiento en caso de que el objeto del contrato verse sobre la prestaci\u00f3n de servicios, una vez que el servicio haya sido completamente ejecutado, y si el contrato impone al consumidor o usuario una obligaci\u00f3n de pago, cuando la ejecuci\u00f3n haya comenzado, con previo consentimiento expreso del cliente y con el conocimiento por su parte de que, una vez que el empresario haya ejecutado \u00edntegramente el contrato, habr\u00e1 perdido su derecho de desistimiento<\/p>\n<p><strong>Procedimiento de devoluci\u00f3n<\/strong><\/p>\n<p>En el caso de que el cliente quiera realizar una devoluci\u00f3n o el desistimiento de su compra, deber\u00e1 enviar un correo electr\u00f3nico a <u>info@animastore.es<\/u> donde se declare inequ\u00edvocamente la voluntad de desistir del contrato y\/o efectuar una devoluci\u00f3n y le responderemos mediante un correo electr\u00f3nico con las instrucciones para devolver su pedido.<\/p>\n<p>ANIMA TANATORIO DE ANIMALES SL no ser\u00e1 responsable de recoger el producto en la direcci\u00f3n de env\u00edo inicial.<br>Al recibir correctamente la devoluci\u00f3n de su pedido, y luego de examinar el mismo \u2013el cual deber\u00e1 encontrarse en las mismas condiciones en que fue recibido-, se proceder\u00e1 a reembolsar el precio pagado por los productos por el mismo m\u00e9todo que ha realizado y si no fuese posible se realizar\u00eda a trav\u00e9s de transferencia bancaria a la cuenta indicada por el cliente.<\/p>\n<p><strong>TITULAR<\/strong><\/p>\n<p>En virtud de los establecido en la Ley 34\/2002 de Servicios de la Sociedad de la Informaci\u00f3n y del Comercio Electr\u00f3nico, se ofrece la siguiente informaci\u00f3n:<\/p>\n<p>La venta de art\u00edculos a trav\u00e9s de esta p\u00e1gina web es realizada por ANIMA TANATORIO DE ANIMALES SL, sociedad espa\u00f1ola, inscrita en el Registro Mercantil de Gipuzkoa al Tomo 2896, Libro 0, Folio 113, Hoja SS-41612, inscripci\u00f3n 2\u00aa.<\/p>\n<p>Domicilio: Calle Txirrita Maleo, 5, 20100 Renter\u00eda (Guip\u00fazcoa)<\/p>\n<p>Correo electr\u00f3nico: info@animastore.es<br>NIF: B67246041<\/p>\n<p><strong>COMUNICACIONES POR ESCRITO<\/strong><\/p>\n<p>La normativa aplicable exige que parte de la informaci\u00f3n o comunicaciones que le enviemos sean por escrito. Mediante el uso de esta p\u00e1gina web, usted acepta que la mayor parte de dichas comunicaciones con nosotros sean electr\u00f3nicas. Nos pondremos en contacto con usted por correo electr\u00f3nico o le facilitaremos informaci\u00f3n colgando avisos en esta p\u00e1gina web. A efectos contractuales, usted consiente en usar este medio electr\u00f3nico de comunicaci\u00f3n y reconoce que todo contrato, notificaci\u00f3n, informaci\u00f3n y dem\u00e1s comunicaciones que le enviemos de forma electr\u00f3nica cumplen con los requisitos legales de ser por escrito. Esta condici\u00f3n no afectar\u00e1 a sus derechos reconocidos por ley.<\/p>\n<p><strong>GARANT\u00cdAS <\/strong><\/p>\n<p>Si usted contrata como consumidor y usuario, tiene derecho a medidas correctoras, de forma gratuita, en caso de falta de conformidad de los bienes. Le ofrecemos garant\u00edas sobre los productos que comercializamos a trav\u00e9s de esta p\u00e1gina web, en los t\u00e9rminos legalmente establecidos para cada tipo de producto. Se entiende que los productos son conformes con el contrato siempre que (i) se ajusten a la descripci\u00f3n realizada por nosotros y posean las cualidades que hayamos presentado en esta p\u00e1gina web, (ii) sean aptos para los usos a que ordinariamente se destinan los productos del mismo tipo y (iii) presenten la calidad y prestaciones habituales de un producto del mismo tipo que sean fundadamente esperables. En este sentido, si alguno de los productos no fuera conforme con el contrato, usted deber\u00e1 ponerlo en nuestro conocimiento por escrito mediante correo electr\u00f3nico a la casilla info@animastore.es, siguiendo el procedimiento detallado precedentemente.<\/p>\n<p><strong>LEGISLACI\u00d3N APLICABLE Y JURISDICCI\u00d3N <\/strong><\/p>\n<p>El uso de esta p\u00e1gina web y los contratos de compra de productos a trav\u00e9s dicha p\u00e1gina web se regir\u00e1n por la legislaci\u00f3n espa\u00f1ola. Cualquier controversia que surja o guarde relaci\u00f3n con el uso de la p\u00e1gina web o con dichos contratos ser\u00e1 sometida a la jurisdicci\u00f3n no exclusiva de los juzgados y tribunales espa\u00f1oles. Si usted est\u00e1 contratando como consumidor, nada en la presente cl\u00e1usula afectar\u00e1 a los derechos que como tal le reconoce la legislaci\u00f3n vigente.cre<\/p>\t\t\t\t\t\t\t\t<\/div>\n\t\t\t\t<\/div>\n\t\t\t\t\t<\/div>\n\t\t<\/div>\n\t\t\t\t\t<\/div>\n\t\t<\/section>\n\t\t\t\t<\/div>","protected":false},"excerpt":{"rendered":"<p>T\u00e9rminos y condiciones CONDICIONES GENERALES &nbsp; El presente documento establece los t\u00e9rminos y condiciones generales por las que se rige la navegaci\u00f3n en esta p\u00e1gina web (http:\/\/www.animacrematorio.com) y los servicios ofrecidos en la misma. Los presentes T\u00e9rminos y Condiciones tienen car\u00e1cter obligatorio y vinculante. Se aplican a todas las compras y actividades realizadas mediante la [&hellip;]<\/p>\n","protected":false},"author":1,"featured_media":0,"parent":0,"menu_order":0,"comment_status":"closed","ping_status":"closed","template":"elementor_header_footer","meta":{"om_disable_all_campaigns":false,"_uf_show_specific_survey":0,"_uf_disable_surveys":false,"footnotes":""},"class_list":["post-1997","page","type-page","status-publish","hentry"],"yoast_head":"<!-- This site is optimized with the Yoast SEO plugin v27.2 - https:\/\/yoast.com\/product\/yoast-seo-wordpress\/ -->\n<title>T\u00e9rminos y condiciones - Anima Crematorio<\/title>\n<meta name=\"robots\" content=\"index, follow, max-snippet:-1, max-image-preview:large, max-video-preview:-1\" \/>\n<link rel=\"canonical\" href=\"https:\/\/animacrematorio.com\/fr\/terminos-y-condiciones\/\" \/>\n<meta property=\"og:locale\" content=\"fr_FR\" \/>\n<meta property=\"og:type\" content=\"article\" \/>\n<meta property=\"og:title\" content=\"T\u00e9rminos y condiciones - Anima Crematorio\" \/>\n<meta property=\"og:description\" content=\"T\u00e9rminos y condiciones CONDICIONES GENERALES &nbsp; El presente documento establece los t\u00e9rminos y condiciones generales por las que se rige la navegaci\u00f3n en esta p\u00e1gina web (http:\/\/www.animacrematorio.com) y los servicios ofrecidos en la misma. Los presentes T\u00e9rminos y Condiciones tienen car\u00e1cter obligatorio y vinculante. Se aplican a todas las compras y actividades realizadas mediante la [&hellip;]\" \/>\n<meta property=\"og:url\" content=\"https:\/\/animacrematorio.com\/fr\/terminos-y-condiciones\/\" \/>\n<meta property=\"og:site_name\" content=\"Anima Crematorio\" \/>\n<meta property=\"article:publisher\" content=\"https:\/\/www.facebook.com\/animastore.es\" \/>\n<meta property=\"article:modified_time\" content=\"2026-02-19T13:45:18+00:00\" \/>\n<meta name=\"twitter:card\" content=\"summary_large_image\" \/>\n<meta name=\"twitter:label1\" content=\"Dur\u00e9e de lecture estim\u00e9e\" \/>\n\t<meta name=\"twitter:data1\" content=\"10 minutes\" \/>\n<script type=\"application\/ld+json\" class=\"yoast-schema-graph\">{\"@context\":\"https:\/\/schema.org\",\"@graph\":[{\"@type\":\"WebPage\",\"@id\":\"https:\/\/animacrematorio.com\/terminos-y-condiciones\/\",\"url\":\"https:\/\/animacrematorio.com\/terminos-y-condiciones\/\",\"name\":\"T\u00e9rminos y condiciones - Anima Crematorio\",\"isPartOf\":{\"@id\":\"https:\/\/animacrematorio.com\/#website\"},\"datePublished\":\"2023-11-27T17:55:41+00:00\",\"dateModified\":\"2026-02-19T13:45:18+00:00\",\"breadcrumb\":{\"@id\":\"https:\/\/animacrematorio.com\/terminos-y-condiciones\/#breadcrumb\"},\"inLanguage\":\"fr-FR\",\"potentialAction\":[{\"@type\":\"ReadAction\",\"target\":[\"https:\/\/animacrematorio.com\/terminos-y-condiciones\/\"]}]},{\"@type\":\"BreadcrumbList\",\"@id\":\"https:\/\/animacrematorio.com\/terminos-y-condiciones\/#breadcrumb\",\"itemListElement\":[{\"@type\":\"ListItem\",\"position\":1,\"name\":\"Portada\",\"item\":\"https:\/\/animacrematorio.com\/\"},{\"@type\":\"ListItem\",\"position\":2,\"name\":\"T\u00e9rminos y condiciones\"}]},{\"@type\":\"WebSite\",\"@id\":\"https:\/\/animacrematorio.com\/#website\",\"url\":\"https:\/\/animacrematorio.com\/\",\"name\":\"Anima Crematorio\",\"description\":\"\",\"publisher\":{\"@id\":\"https:\/\/animacrematorio.com\/#organization\"},\"potentialAction\":[{\"@type\":\"SearchAction\",\"target\":{\"@type\":\"EntryPoint\",\"urlTemplate\":\"https:\/\/animacrematorio.com\/?s={search_term_string}\"},\"query-input\":{\"@type\":\"PropertyValueSpecification\",\"valueRequired\":true,\"valueName\":\"search_term_string\"}}],\"inLanguage\":\"fr-FR\"},{\"@type\":\"Organization\",\"@id\":\"https:\/\/animacrematorio.com\/#organization\",\"name\":\"Anima Crematorio\",\"url\":\"https:\/\/animacrematorio.com\/\",\"logo\":{\"@type\":\"ImageObject\",\"inLanguage\":\"fr-FR\",\"@id\":\"https:\/\/animacrematorio.com\/#\/schema\/logo\/image\/\",\"url\":\"https:\/\/animacrematorio.com\/wp-content\/uploads\/2023\/03\/cropped-ANIMA_CRE_NEGRO-1.png\",\"contentUrl\":\"https:\/\/animacrematorio.com\/wp-content\/uploads\/2023\/03\/cropped-ANIMA_CRE_NEGRO-1.png\",\"width\":1475,\"height\":505,\"caption\":\"Anima Crematorio\"},\"image\":{\"@id\":\"https:\/\/animacrematorio.com\/#\/schema\/logo\/image\/\"},\"sameAs\":[\"https:\/\/www.facebook.com\/animastore.es\",\"https:\/\/www.instagram.com\/animastore.es\"]}]}<\/script>\n<!-- \/ Yoast SEO plugin. -->","yoast_head_json":{"title":"T\u00e9rminos y condiciones - Anima Crematorio","robots":{"index":"index","follow":"follow","max-snippet":"max-snippet:-1","max-image-preview":"max-image-preview:large","max-video-preview":"max-video-preview:-1"},"canonical":"https:\/\/animacrematorio.com\/fr\/terminos-y-condiciones\/","og_locale":"fr_FR","og_type":"article","og_title":"T\u00e9rminos y condiciones - Anima Crematorio","og_description":"T\u00e9rminos y condiciones CONDICIONES GENERALES &nbsp; El presente documento establece los t\u00e9rminos y condiciones generales por las que se rige la navegaci\u00f3n en esta p\u00e1gina web (http:\/\/www.animacrematorio.com) y los servicios ofrecidos en la misma. Los presentes T\u00e9rminos y Condiciones tienen car\u00e1cter obligatorio y vinculante. Se aplican a todas las compras y actividades realizadas mediante la [&hellip;]","og_url":"https:\/\/animacrematorio.com\/fr\/terminos-y-condiciones\/","og_site_name":"Anima Crematorio","article_publisher":"https:\/\/www.facebook.com\/animastore.es","article_modified_time":"2026-02-19T13:45:18+00:00","twitter_card":"summary_large_image","twitter_misc":{"Dur\u00e9e de lecture estim\u00e9e":"10 minutes"},"schema":{"@context":"https:\/\/schema.org","@graph":[{"@type":"WebPage","@id":"https:\/\/animacrematorio.com\/terminos-y-condiciones\/","url":"https:\/\/animacrematorio.com\/terminos-y-condiciones\/","name":"T\u00e9rminos y condiciones - Anima Crematorio","isPartOf":{"@id":"https:\/\/animacrematorio.com\/#website"},"datePublished":"2023-11-27T17:55:41+00:00","dateModified":"2026-02-19T13:45:18+00:00","breadcrumb":{"@id":"https:\/\/animacrematorio.com\/terminos-y-condiciones\/#breadcrumb"},"inLanguage":"fr-FR","potentialAction":[{"@type":"ReadAction","target":["https:\/\/animacrematorio.com\/terminos-y-condiciones\/"]}]},{"@type":"BreadcrumbList","@id":"https:\/\/animacrematorio.com\/terminos-y-condiciones\/#breadcrumb","itemListElement":[{"@type":"ListItem","position":1,"name":"Portada","item":"https:\/\/animacrematorio.com\/"},{"@type":"ListItem","position":2,"name":"T\u00e9rminos y condiciones"}]},{"@type":"WebSite","@id":"https:\/\/animacrematorio.com\/#website","url":"https:\/\/animacrematorio.com\/","name":"Anima Crematorio","description":"","publisher":{"@id":"https:\/\/animacrematorio.com\/#organization"},"potentialAction":[{"@type":"SearchAction","target":{"@type":"EntryPoint","urlTemplate":"https:\/\/animacrematorio.com\/?s={search_term_string}"},"query-input":{"@type":"PropertyValueSpecification","valueRequired":true,"valueName":"search_term_string"}}],"inLanguage":"fr-FR"},{"@type":"Organization","@id":"https:\/\/animacrematorio.com\/#organization","name":"Anima Crematorio","url":"https:\/\/animacrematorio.com\/","logo":{"@type":"ImageObject","inLanguage":"fr-FR","@id":"https:\/\/animacrematorio.com\/#\/schema\/logo\/image\/","url":"https:\/\/animacrematorio.com\/wp-content\/uploads\/2023\/03\/cropped-ANIMA_CRE_NEGRO-1.png","contentUrl":"https:\/\/animacrematorio.com\/wp-content\/uploads\/2023\/03\/cropped-ANIMA_CRE_NEGRO-1.png","width":1475,"height":505,"caption":"Anima Crematorio"},"image":{"@id":"https:\/\/animacrematorio.com\/#\/schema\/logo\/image\/"},"sameAs":["https:\/\/www.facebook.com\/animastore.es","https:\/\/www.instagram.com\/animastore.es"]}]}},"_links":{"self":[{"href":"https:\/\/animacrematorio.com\/fr\/wp-json\/wp\/v2\/pages\/1997","targetHints":{"allow":["GET"]}}],"collection":[{"href":"https:\/\/animacrematorio.com\/fr\/wp-json\/wp\/v2\/pages"}],"about":[{"href":"https:\/\/animacrematorio.com\/fr\/wp-json\/wp\/v2\/types\/page"}],"author":[{"embeddable":true,"href":"https:\/\/animacrematorio.com\/fr\/wp-json\/wp\/v2\/users\/1"}],"replies":[{"embeddable":true,"href":"https:\/\/animacrematorio.com\/fr\/wp-json\/wp\/v2\/comments?post=1997"}],"version-history":[{"count":10,"href":"https:\/\/animacrematorio.com\/fr\/wp-json\/wp\/v2\/pages\/1997\/revisions"}],"predecessor-version":[{"id":21766,"href":"https:\/\/animacrematorio.com\/fr\/wp-json\/wp\/v2\/pages\/1997\/revisions\/21766"}],"wp:attachment":[{"href":"https:\/\/animacrematorio.com\/fr\/wp-json\/wp\/v2\/media?parent=1997"}],"curies":[{"name":"wp","href":"https:\/\/api.w.org\/{rel}","templated":true}]}}