{"id":17770,"date":"2025-09-25T10:09:46","date_gmt":"2025-09-25T10:09:46","guid":{"rendered":"https:\/\/animacrematorio.com\/?page_id=17770"},"modified":"2026-02-19T14:45:04","modified_gmt":"2026-02-19T14:45:04","slug":"memorias","status":"publish","type":"page","link":"https:\/\/animacrematorio.com\/fr\/memorias\/","title":{"rendered":"Memorias"},"content":{"rendered":"\t\t<div data-elementor-type=\"wp-page\" data-elementor-id=\"17770\" class=\"elementor elementor-17770\" data-elementor-post-type=\"page\">\n\t\t\t\t\t\t<section class=\"elementor-section elementor-top-section elementor-element elementor-element-680ccc7e elementor-section-height-min-height elementor-section-boxed elementor-section-height-default elementor-section-items-middle\" data-id=\"680ccc7e\" data-element_type=\"section\" data-e-type=\"section\" data-settings=\"{&quot;background_background&quot;:&quot;classic&quot;}\">\n\t\t\t\t\t\t\t<div class=\"elementor-background-overlay\"><\/div>\n\t\t\t\t\t\t\t<div class=\"elementor-container elementor-column-gap-default\">\n\t\t\t\t\t<div class=\"elementor-column elementor-col-100 elementor-top-column elementor-element elementor-element-374403c\" data-id=\"374403c\" data-element_type=\"column\" data-e-type=\"column\">\n\t\t\t<div class=\"elementor-widget-wrap elementor-element-populated\">\n\t\t\t\t\t\t<div class=\"elementor-element elementor-element-320a9efb elementor-widget elementor-widget-heading\" data-id=\"320a9efb\" data-element_type=\"widget\" data-e-type=\"widget\" data-widget_type=\"heading.default\">\n\t\t\t\t<div class=\"elementor-widget-container\">\n\t\t\t\t\t<h1 class=\"elementor-heading-title elementor-size-default\">Recuerdos para siempre: homenaje a tu mascota<\/h1>\t\t\t\t<\/div>\n\t\t\t\t<\/div>\n\t\t\t\t\t<\/div>\n\t\t<\/div>\n\t\t\t\t\t<\/div>\n\t\t<\/section>\n\t\t\t\t<section class=\"elementor-section elementor-top-section elementor-element elementor-element-429319ae elementor-section-content-middle elementor-reverse-mobile elementor-section-boxed elementor-section-height-default elementor-section-height-default\" data-id=\"429319ae\" data-element_type=\"section\" data-e-type=\"section\">\n\t\t\t\t\t\t<div class=\"elementor-container elementor-column-gap-no\">\n\t\t\t\t\t<div class=\"elementor-column elementor-col-50 elementor-top-column elementor-element elementor-element-7f122fa9\" data-id=\"7f122fa9\" data-element_type=\"column\" data-e-type=\"column\">\n\t\t\t<div class=\"elementor-widget-wrap elementor-element-populated\">\n\t\t\t\t\t\t<div class=\"elementor-element elementor-element-5112f6dd elementor-widget elementor-widget-text-editor\" data-id=\"5112f6dd\" data-element_type=\"widget\" data-e-type=\"widget\" data-widget_type=\"text-editor.default\">\n\t\t\t\t<div class=\"elementor-widget-container\">\n\t\t\t\t\t\t\t\t\t<h2>Crea un tributo especial a su vida<\/h2>\n<p>Comparte recuerdos de tu mascota con otras familias. Rinde homenaje a su vida y mant\u00e9n su memoria viva en nuestra comunidad.<\/p>\t\t\t\t\t\t\t\t<\/div>\n\t\t\t\t<\/div>\n\t\t\t\t<div class=\"elementor-element elementor-element-cb519a2 elementor-widget elementor-widget-image\" data-id=\"cb519a2\" data-element_type=\"widget\" data-e-type=\"widget\" data-widget_type=\"image.default\">\n\t\t\t\t<div class=\"elementor-widget-container\">\n\t\t\t\t\t\t\t\t\t\t\t\t\t\t\t\t<a href=\"\/galeria-de-memorias\/\">\n\t\t\t\t\t\t\t<img fetchpriority=\"high\" decoding=\"async\" width=\"524\" height=\"187\" src=\"https:\/\/animacrematorio.com\/wp-content\/uploads\/2026\/02\/boton-visita-galeria.png\" class=\"attachment-large size-large wp-image-21313\" alt=\"\" srcset=\"https:\/\/animacrematorio.com\/wp-content\/uploads\/2026\/02\/boton-visita-galeria.png 524w, https:\/\/animacrematorio.com\/wp-content\/uploads\/2026\/02\/boton-visita-galeria-300x107.png 300w, https:\/\/animacrematorio.com\/wp-content\/uploads\/2026\/02\/boton-visita-galeria-18x6.png 18w\" sizes=\"(max-width: 524px) 100vw, 524px\" \/>\t\t\t\t\t\t\t\t<\/a>\n\t\t\t\t\t\t\t\t\t\t\t\t\t\t\t<\/div>\n\t\t\t\t<\/div>\n\t\t\t\t\t<\/div>\n\t\t<\/div>\n\t\t\t\t<div class=\"elementor-column elementor-col-50 elementor-top-column elementor-element elementor-element-7f0799a1\" data-id=\"7f0799a1\" data-element_type=\"column\" data-e-type=\"column\">\n\t\t\t<div class=\"elementor-widget-wrap elementor-element-populated\">\n\t\t\t\t\t\t<div class=\"elementor-element elementor-element-283a536b elementor-widget elementor-widget-image\" data-id=\"283a536b\" data-element_type=\"widget\" data-e-type=\"widget\" data-widget_type=\"image.default\">\n\t\t\t\t<div class=\"elementor-widget-container\">\n\t\t\t\t\t\t\t\t\t\t\t\t\t\t\t<img decoding=\"async\" width=\"2304\" height=\"1792\" src=\"https:\/\/animacrematorio.com\/wp-content\/uploads\/2026\/01\/pareja-perros-gatos-jardin.jpg\" class=\"attachment-full size-full wp-image-21201\" alt=\"\" srcset=\"https:\/\/animacrematorio.com\/wp-content\/uploads\/2026\/01\/pareja-perros-gatos-jardin.jpg 2304w, https:\/\/animacrematorio.com\/wp-content\/uploads\/2026\/01\/pareja-perros-gatos-jardin-300x233.jpg 300w, https:\/\/animacrematorio.com\/wp-content\/uploads\/2026\/01\/pareja-perros-gatos-jardin-1024x796.jpg 1024w, https:\/\/animacrematorio.com\/wp-content\/uploads\/2026\/01\/pareja-perros-gatos-jardin-768x597.jpg 768w, https:\/\/animacrematorio.com\/wp-content\/uploads\/2026\/01\/pareja-perros-gatos-jardin-1536x1195.jpg 1536w, https:\/\/animacrematorio.com\/wp-content\/uploads\/2026\/01\/pareja-perros-gatos-jardin-2048x1593.jpg 2048w, https:\/\/animacrematorio.com\/wp-content\/uploads\/2026\/01\/pareja-perros-gatos-jardin-15x12.jpg 15w, https:\/\/animacrematorio.com\/wp-content\/uploads\/2026\/01\/pareja-perros-gatos-jardin-600x467.jpg 600w\" sizes=\"(max-width: 2304px) 100vw, 2304px\" \/>\t\t\t\t\t\t\t\t\t\t\t\t\t\t\t<\/div>\n\t\t\t\t<\/div>\n\t\t\t\t\t<\/div>\n\t\t<\/div>\n\t\t\t\t\t<\/div>\n\t\t<\/section>\n\t\t\t\t<section class=\"elementor-section elementor-top-section elementor-element elementor-element-152404c elementor-section-content-middle elementor-section-boxed elementor-section-height-default elementor-section-height-default\" data-id=\"152404c\" data-element_type=\"section\" data-e-type=\"section\" data-settings=\"{&quot;background_background&quot;:&quot;classic&quot;}\">\n\t\t\t\t\t\t<div class=\"elementor-container elementor-column-gap-wide\">\n\t\t\t\t\t<div class=\"elementor-column elementor-col-50 elementor-top-column elementor-element elementor-element-f1b1919\" data-id=\"f1b1919\" data-element_type=\"column\" data-e-type=\"column\">\n\t\t\t<div class=\"elementor-widget-wrap elementor-element-populated\">\n\t\t\t\t\t\t<section class=\"elementor-section elementor-inner-section elementor-element elementor-element-1943cd3 elementor-section-boxed elementor-section-height-default elementor-section-height-default\" data-id=\"1943cd3\" data-element_type=\"section\" data-e-type=\"section\">\n\t\t\t\t\t\t<div class=\"elementor-container elementor-column-gap-default\">\n\t\t\t\t\t<div class=\"elementor-column elementor-col-100 elementor-inner-column elementor-element elementor-element-9addeff\" data-id=\"9addeff\" data-element_type=\"column\" data-e-type=\"column\" data-settings=\"{&quot;background_background&quot;:&quot;classic&quot;}\">\n\t\t\t<div class=\"elementor-widget-wrap elementor-element-populated\">\n\t\t\t\t\t\t<div class=\"elementor-element elementor-element-2aecfd2 elementor-widget elementor-widget-heading\" data-id=\"2aecfd2\" data-element_type=\"widget\" data-e-type=\"widget\" data-widget_type=\"heading.default\">\n\t\t\t\t<div class=\"elementor-widget-container\">\n\t\t\t\t\t<h2 class=\"elementor-heading-title elementor-size-default\">Formulario de envio<\/h2>\t\t\t\t<\/div>\n\t\t\t\t<\/div>\n\t\t\t\t<div class=\"elementor-element elementor-element-979116e elementor-widget elementor-widget-text-editor\" data-id=\"979116e\" data-element_type=\"widget\" data-e-type=\"widget\" data-widget_type=\"text-editor.default\">\n\t\t\t\t<div class=\"elementor-widget-container\">\n\t\t\t\t\t\t\t\t\t<p style=\"text-align: center;\">Rellena y envia este formulario, nuestro equipo revisar\u00e1 todas las aportaciones antes de subirlas.<\/p>\t\t\t\t\t\t\t\t<\/div>\n\t\t\t\t<\/div>\n\t\t\t\t<div class=\"elementor-element elementor-element-761651e elementor-button-align-stretch elementor-widget elementor-widget-form\" data-id=\"761651e\" data-element_type=\"widget\" data-e-type=\"widget\" data-settings=\"{&quot;step_next_label&quot;:&quot;Siguiente&quot;,&quot;step_previous_label&quot;:&quot;Anterior&quot;,&quot;button_width&quot;:&quot;100&quot;,&quot;step_type&quot;:&quot;number_text&quot;,&quot;step_icon_shape&quot;:&quot;circle&quot;}\" data-widget_type=\"form.default\">\n\t\t\t\t<div class=\"elementor-widget-container\">\n\t\t\t\t\t\t\t<form class=\"elementor-form\" method=\"post\" name=\"Nuevo formulario\" aria-label=\"Nuevo formulario\">\n\t\t\t<input type=\"hidden\" name=\"post_id\" value=\"17770\"\/>\n\t\t\t<input type=\"hidden\" name=\"form_id\" value=\"761651e\"\/>\n\t\t\t<input type=\"hidden\" name=\"referer_title\" value=\"Recuerdos de tu mascota. Tu homenaje para siempre - \u00c1nima\" \/>\n\n\t\t\t\t\t\t\t<input type=\"hidden\" name=\"queried_id\" value=\"17770\"\/>\n\t\t\t\n\t\t\t<div class=\"elementor-form-fields-wrapper elementor-labels-\">\n\t\t\t\t\t\t\t\t<div class=\"elementor-field-type-text elementor-field-group elementor-column elementor-field-group-name elementor-col-100 elementor-field-required\">\n\t\t\t\t\t\t\t\t\t\t\t\t<label for=\"form-field-name\" class=\"elementor-field-label elementor-screen-only\">\n\t\t\t\t\t\t\t\tNombre\t\t\t\t\t\t\t<\/label>\n\t\t\t\t\t\t\t\t\t\t\t\t\t\t<input size=\"1\" type=\"text\" name=\"form_fields[name]\" id=\"form-field-name\" class=\"elementor-field elementor-size-sm  elementor-field-textual\" placeholder=\"Nombre\" required=\"required\">\n\t\t\t\t\t\t\t\t\t\t\t<\/div>\n\t\t\t\t\t\t\t\t<div class=\"elementor-field-type-email elementor-field-group elementor-column elementor-field-group-field_ab14d50 elementor-col-100 elementor-field-required\">\n\t\t\t\t\t\t\t\t\t\t\t\t<label for=\"form-field-field_ab14d50\" class=\"elementor-field-label elementor-screen-only\">\n\t\t\t\t\t\t\t\tEmail\t\t\t\t\t\t\t<\/label>\n\t\t\t\t\t\t\t\t\t\t\t\t\t\t<input size=\"1\" type=\"email\" name=\"form_fields[field_ab14d50]\" id=\"form-field-field_ab14d50\" class=\"elementor-field elementor-size-sm  elementor-field-textual\" placeholder=\"Email\" required=\"required\">\n\t\t\t\t\t\t\t\t\t\t\t<\/div>\n\t\t\t\t\t\t\t\t<div class=\"elementor-field-type-html elementor-field-group elementor-column elementor-field-group-field_bf3c4ed elementor-col-100\">\n\t\t\t\t\t<strong>Campo para las imagenes: <\/strong>M\u00e1ximo 3 im\u00e1genes, tama\u00f1o m\u00e1ximo en total de 5MB.\t\t\t\t<\/div>\n\t\t\t\t\t\t\t\t<div class=\"elementor-field-type-upload elementor-field-group elementor-column elementor-field-group-field_4c5010f elementor-col-100 elementor-field-required\">\n\t\t\t\t\t\t\t\t\t\t\t\t<label for=\"form-field-field_4c5010f\" class=\"elementor-field-label elementor-screen-only\">\n\t\t\t\t\t\t\t\tAdjunta tu foto\t\t\t\t\t\t\t<\/label>\n\t\t\t\t\t\t\t\t<input type=\"file\" name=\"form_fields[field_4c5010f][]\" id=\"form-field-field_4c5010f\" class=\"elementor-field elementor-size-sm  elementor-upload-field\" required=\"required\" multiple=\"multiple\" data-maxsize=\"5\" data-maxsize-message=\"Este archivo excede el tama\u00f1o m\u00e1ximo permitido.\">\n\n\t\t\t\t\t\t<\/div>\n\t\t\t\t\t\t\t\t<div class=\"elementor-field-type-textarea elementor-field-group elementor-column elementor-field-group-field_36e8639 elementor-col-100 elementor-field-required\">\n\t\t\t\t\t\t\t\t\t\t\t\t<label for=\"form-field-field_36e8639\" class=\"elementor-field-label elementor-screen-only\">\n\t\t\t\t\t\t\t\tMensaje para el panel\t\t\t\t\t\t\t<\/label>\n\t\t\t\t\t\t<textarea class=\"elementor-field-textual elementor-field  elementor-size-sm\" name=\"form_fields[field_36e8639]\" id=\"form-field-field_36e8639\" rows=\"4\" placeholder=\"Mensaje para el panel\" required=\"required\"><\/textarea>\t\t\t\t<\/div>\n\t\t\t\t\t\t\t\t<div class=\"elementor-field-type-acceptance elementor-field-group elementor-column elementor-field-group-field_a00ca7d elementor-col-100 elementor-field-required\">\n\t\t\t\t\t\t\t\t\t\t\t\t<label for=\"form-field-field_a00ca7d\" class=\"elementor-field-label elementor-screen-only\">\n\t\t\t\t\t\t\t\tAcepto datos\t\t\t\t\t\t\t<\/label>\n\t\t\t\t\t\t\t\t<div class=\"elementor-field-subgroup\">\n\t\t\t<span class=\"elementor-field-option\">\n\t\t\t\t<input type=\"checkbox\" name=\"form_fields[field_a00ca7d]\" id=\"form-field-field_a00ca7d\" class=\"elementor-field elementor-size-sm  elementor-acceptance-field\" required=\"required\">\n\t\t\t\t<label for=\"form-field-field_a00ca7d\">He le\u00eddo y acepto el tratamiento de mis datos para la finalidad indicada.<\/label>\t\t\t<\/span>\n\t\t<\/div>\n\t\t\t\t\t\t<\/div>\n\t\t\t\t\t\t\t\t<div class=\"elementor-field-type-html elementor-field-group elementor-column elementor-field-group-field_bec3e99 elementor-col-100\">\n\t\t\t\t\tM\u00e1s informaci\u00f3n en nuestra <strong> <a href=\"https:\/\/animacrematorio.com\/politica-de-privacidad\/\" target=\"\"_blank\" style=\"color: #7A7A7A;\">Pol\u00edtica de Privacidad<\/a><\/strong>.\t\t\t\t<\/div>\n\t\t\t\t\t\t\t\t<div class=\"elementor-field-group elementor-column elementor-field-type-submit elementor-col-100 e-form__buttons\">\n\t\t\t\t\t<button class=\"elementor-button elementor-size-sm\" type=\"submit\">\n\t\t\t\t\t\t<span class=\"elementor-button-content-wrapper\">\n\t\t\t\t\t\t\t\t\t\t\t\t\t\t\t\t\t\t\t\t\t\t<span class=\"elementor-button-text\">ENVIAR<\/span>\n\t\t\t\t\t\t\t\t\t\t\t\t\t<\/span>\n\t\t\t\t\t<\/button>\n\t\t\t\t<\/div>\n\t\t\t<\/div>\n\t\t<\/form>\n\t\t\t\t\t\t<\/div>\n\t\t\t\t<\/div>\n\t\t\t\t\t<\/div>\n\t\t<\/div>\n\t\t\t\t\t<\/div>\n\t\t<\/section>\n\t\t\t\t\t<\/div>\n\t\t<\/div>\n\t\t\t\t<div class=\"elementor-column elementor-col-50 elementor-top-column elementor-element elementor-element-5f475aa\" data-id=\"5f475aa\" data-element_type=\"column\" data-e-type=\"column\">\n\t\t\t<div class=\"elementor-widget-wrap elementor-element-populated\">\n\t\t\t\t\t\t<div class=\"elementor-element elementor-element-a8c667e elementor-widget elementor-widget-heading\" data-id=\"a8c667e\" data-element_type=\"widget\" data-e-type=\"widget\" data-widget_type=\"heading.default\">\n\t\t\t\t<div class=\"elementor-widget-container\">\n\t\t\t\t\t<h2 class=\"elementor-heading-title elementor-size-default\">Un album para el recuerdo de nuestros mejores compa\u00f1eros<\/h2>\t\t\t\t<\/div>\n\t\t\t\t<\/div>\n\t\t\t\t<div class=\"elementor-element elementor-element-f3a6c13 elementor-widget elementor-widget-text-editor\" data-id=\"f3a6c13\" data-element_type=\"widget\" data-e-type=\"widget\" data-widget_type=\"text-editor.default\">\n\t\t\t\t<div class=\"elementor-widget-container\">\n\t\t\t\t\t\t\t\t\t<p>Sabemos que tu mascota fue mucho m\u00e1s que un compa\u00f1ero; fue un miembro fundamental de tu familia que dej\u00f3 una huella imborrable en tu coraz\u00f3n. Para honrar su vida y la alegr\u00eda que nos brind\u00f3, te invitamos a compartir con nosotros esos momentos especiales, ya sea a trav\u00e9s de una fotograf\u00eda que capture su esencia o unas palabras que describan su historia \u00fanica.<\/p><p>Con todas vuestras aportaciones, estamos creando una galer\u00eda del recuerdo, un espacio com\u00fan donde cada imagen y cada texto servir\u00e1n como un tributo eterno a su lealtad.<\/p><p>Tu historia merece ser contada y celebrada; ay\u00fadanos a construir este rinc\u00f3n lleno de amor compartiendo tu recuerdo hoy mismo.<\/p>\t\t\t\t\t\t\t\t<\/div>\n\t\t\t\t<\/div>\n\t\t\t\t<div class=\"elementor-element elementor-element-873e6a3 elementor-widget elementor-widget-text-editor\" data-id=\"873e6a3\" data-element_type=\"widget\" data-e-type=\"widget\" data-widget_type=\"text-editor.default\">\n\t\t\t\t<div class=\"elementor-widget-container\">\n\t\t\t\t\t\t\t\t\t<hr style=\"border-top: 1px solid #8bb6af\">\n<br \/>\n<span style=\"color: #8bb6af;\"><strong>Informaci\u00f3n b\u00e1sica sobre protecci\u00f3n de datos:<\/strong> Los textos e im\u00e1genes facilitados a trav\u00e9s de este formulario ser\u00e1n tratados exclusivamente para la finalidad solicitada. No se utilizar\u00e1n para ning\u00fan otro fin ni se ceder\u00e1n a terceros, garantizando la m\u00e1xima confidencialidad y el cumplimiento de la normativa vigente en protecci\u00f3n de datos personales.<\/span>\t\t\t\t\t\t\t\t<\/div>\n\t\t\t\t<\/div>\n\t\t\t\t\t<\/div>\n\t\t<\/div>\n\t\t\t\t\t<\/div>\n\t\t<\/section>\n\t\t\t\t<\/div>\n\t\t","protected":false},"excerpt":{"rendered":"<p>Recuerdos para siempre: homenaje a tu mascota Crea un tributo especial a su vida Comparte recuerdos de tu mascota con otras familias. Rinde homenaje a su vida y mant\u00e9n su memoria viva en nuestra comunidad. Formulario de envio Rellena y envia este formulario, nuestro equipo revisar\u00e1 todas las aportaciones antes de subirlas. Un album para [&hellip;]<\/p>\n","protected":false},"author":21,"featured_media":17673,"parent":0,"menu_order":0,"comment_status":"closed","ping_status":"closed","template":"","meta":{"om_disable_all_campaigns":false,"_uf_show_specific_survey":0,"_uf_disable_surveys":false,"footnotes":""},"class_list":["post-17770","page","type-page","status-publish","has-post-thumbnail","hentry"],"yoast_head":"<!-- This site is optimized with the Yoast SEO plugin v27.2 - https:\/\/yoast.com\/product\/yoast-seo-wordpress\/ -->\n<title>Recuerdos de tu mascota. Tu homenaje para siempre - \u00c1nima<\/title>\n<meta name=\"description\" content=\"Comparte recuerdos de tu mascota con otras familias. Rinde homenaje a su vida y mant\u00e9n su memoria viva en nuestra comunidad.\" \/>\n<meta name=\"robots\" content=\"index, follow, max-snippet:-1, max-image-preview:large, max-video-preview:-1\" \/>\n<link rel=\"canonical\" href=\"https:\/\/animacrematorio.com\/fr\/memorias\/\" \/>\n<meta property=\"og:locale\" content=\"fr_FR\" \/>\n<meta property=\"og:type\" content=\"article\" \/>\n<meta property=\"og:title\" content=\"Recuerdos de tu mascota. Tu homenaje para siempre - \u00c1nima\" \/>\n<meta property=\"og:description\" content=\"Comparte recuerdos de tu mascota con otras familias. Rinde homenaje a su vida y mant\u00e9n su memoria viva en nuestra comunidad.\" \/>\n<meta property=\"og:url\" content=\"https:\/\/animacrematorio.com\/fr\/memorias\/\" \/>\n<meta property=\"og:site_name\" content=\"Anima Crematorio\" \/>\n<meta property=\"article:publisher\" content=\"https:\/\/www.facebook.com\/animastore.es\" \/>\n<meta property=\"article:modified_time\" content=\"2026-02-19T14:45:04+00:00\" \/>\n<meta property=\"og:image\" content=\"https:\/\/animacrematorio.com\/wp-content\/uploads\/2025\/09\/perro-atardecer.jpg\" \/>\n\t<meta property=\"og:image:width\" content=\"900\" \/>\n\t<meta property=\"og:image:height\" content=\"700\" \/>\n\t<meta property=\"og:image:type\" content=\"image\/jpeg\" \/>\n<meta name=\"twitter:card\" content=\"summary_large_image\" \/>\n<meta name=\"twitter:label1\" content=\"Dur\u00e9e de lecture estim\u00e9e\" \/>\n\t<meta name=\"twitter:data1\" content=\"2 minutes\" \/>\n<script type=\"application\/ld+json\" class=\"yoast-schema-graph\">{\"@context\":\"https:\/\/schema.org\",\"@graph\":[{\"@type\":\"WebPage\",\"@id\":\"https:\/\/animacrematorio.com\/memorias\/\",\"url\":\"https:\/\/animacrematorio.com\/memorias\/\",\"name\":\"Recuerdos de tu mascota. Tu homenaje para siempre - \u00c1nima\",\"isPartOf\":{\"@id\":\"https:\/\/animacrematorio.com\/#website\"},\"primaryImageOfPage\":{\"@id\":\"https:\/\/animacrematorio.com\/memorias\/#primaryimage\"},\"image\":{\"@id\":\"https:\/\/animacrematorio.com\/memorias\/#primaryimage\"},\"thumbnailUrl\":\"https:\/\/animacrematorio.com\/wp-content\/uploads\/2025\/09\/perro-atardecer.jpg\",\"datePublished\":\"2025-09-25T10:09:46+00:00\",\"dateModified\":\"2026-02-19T14:45:04+00:00\",\"description\":\"Comparte recuerdos de tu mascota con otras familias. Rinde homenaje a su vida y mant\u00e9n su memoria viva en nuestra comunidad.\",\"breadcrumb\":{\"@id\":\"https:\/\/animacrematorio.com\/memorias\/#breadcrumb\"},\"inLanguage\":\"fr-FR\",\"potentialAction\":[{\"@type\":\"ReadAction\",\"target\":[\"https:\/\/animacrematorio.com\/memorias\/\"]}]},{\"@type\":\"ImageObject\",\"inLanguage\":\"fr-FR\",\"@id\":\"https:\/\/animacrematorio.com\/memorias\/#primaryimage\",\"url\":\"https:\/\/animacrematorio.com\/wp-content\/uploads\/2025\/09\/perro-atardecer.jpg\",\"contentUrl\":\"https:\/\/animacrematorio.com\/wp-content\/uploads\/2025\/09\/perro-atardecer.jpg\",\"width\":900,\"height\":700},{\"@type\":\"BreadcrumbList\",\"@id\":\"https:\/\/animacrematorio.com\/memorias\/#breadcrumb\",\"itemListElement\":[{\"@type\":\"ListItem\",\"position\":1,\"name\":\"Portada\",\"item\":\"https:\/\/animacrematorio.com\/\"},{\"@type\":\"ListItem\",\"position\":2,\"name\":\"Memorias\"}]},{\"@type\":\"WebSite\",\"@id\":\"https:\/\/animacrematorio.com\/#website\",\"url\":\"https:\/\/animacrematorio.com\/\",\"name\":\"Anima Crematorio\",\"description\":\"\",\"publisher\":{\"@id\":\"https:\/\/animacrematorio.com\/#organization\"},\"potentialAction\":[{\"@type\":\"SearchAction\",\"target\":{\"@type\":\"EntryPoint\",\"urlTemplate\":\"https:\/\/animacrematorio.com\/?s={search_term_string}\"},\"query-input\":{\"@type\":\"PropertyValueSpecification\",\"valueRequired\":true,\"valueName\":\"search_term_string\"}}],\"inLanguage\":\"fr-FR\"},{\"@type\":\"Organization\",\"@id\":\"https:\/\/animacrematorio.com\/#organization\",\"name\":\"Anima Crematorio\",\"url\":\"https:\/\/animacrematorio.com\/\",\"logo\":{\"@type\":\"ImageObject\",\"inLanguage\":\"fr-FR\",\"@id\":\"https:\/\/animacrematorio.com\/#\/schema\/logo\/image\/\",\"url\":\"https:\/\/animacrematorio.com\/wp-content\/uploads\/2023\/03\/cropped-ANIMA_CRE_NEGRO-1.png\",\"contentUrl\":\"https:\/\/animacrematorio.com\/wp-content\/uploads\/2023\/03\/cropped-ANIMA_CRE_NEGRO-1.png\",\"width\":1475,\"height\":505,\"caption\":\"Anima Crematorio\"},\"image\":{\"@id\":\"https:\/\/animacrematorio.com\/#\/schema\/logo\/image\/\"},\"sameAs\":[\"https:\/\/www.facebook.com\/animastore.es\",\"https:\/\/www.instagram.com\/animastore.es\"]}]}<\/script>\n<!-- \/ Yoast SEO plugin. -->","yoast_head_json":{"title":"Recuerdos de tu mascota. Tu homenaje para siempre - \u00c1nima","description":"Comparte recuerdos de tu mascota con otras familias. Rinde homenaje a su vida y mant\u00e9n su memoria viva en nuestra comunidad.","robots":{"index":"index","follow":"follow","max-snippet":"max-snippet:-1","max-image-preview":"max-image-preview:large","max-video-preview":"max-video-preview:-1"},"canonical":"https:\/\/animacrematorio.com\/fr\/memorias\/","og_locale":"fr_FR","og_type":"article","og_title":"Recuerdos de tu mascota. Tu homenaje para siempre - \u00c1nima","og_description":"Comparte recuerdos de tu mascota con otras familias. Rinde homenaje a su vida y mant\u00e9n su memoria viva en nuestra comunidad.","og_url":"https:\/\/animacrematorio.com\/fr\/memorias\/","og_site_name":"Anima Crematorio","article_publisher":"https:\/\/www.facebook.com\/animastore.es","article_modified_time":"2026-02-19T14:45:04+00:00","og_image":[{"width":900,"height":700,"url":"https:\/\/animacrematorio.com\/wp-content\/uploads\/2025\/09\/perro-atardecer.jpg","type":"image\/jpeg"}],"twitter_card":"summary_large_image","twitter_misc":{"Dur\u00e9e de lecture estim\u00e9e":"2 minutes"},"schema":{"@context":"https:\/\/schema.org","@graph":[{"@type":"WebPage","@id":"https:\/\/animacrematorio.com\/memorias\/","url":"https:\/\/animacrematorio.com\/memorias\/","name":"Recuerdos de tu mascota. Tu homenaje para siempre - \u00c1nima","isPartOf":{"@id":"https:\/\/animacrematorio.com\/#website"},"primaryImageOfPage":{"@id":"https:\/\/animacrematorio.com\/memorias\/#primaryimage"},"image":{"@id":"https:\/\/animacrematorio.com\/memorias\/#primaryimage"},"thumbnailUrl":"https:\/\/animacrematorio.com\/wp-content\/uploads\/2025\/09\/perro-atardecer.jpg","datePublished":"2025-09-25T10:09:46+00:00","dateModified":"2026-02-19T14:45:04+00:00","description":"Comparte recuerdos de tu mascota con otras familias. Rinde homenaje a su vida y mant\u00e9n su memoria viva en nuestra comunidad.","breadcrumb":{"@id":"https:\/\/animacrematorio.com\/memorias\/#breadcrumb"},"inLanguage":"fr-FR","potentialAction":[{"@type":"ReadAction","target":["https:\/\/animacrematorio.com\/memorias\/"]}]},{"@type":"ImageObject","inLanguage":"fr-FR","@id":"https:\/\/animacrematorio.com\/memorias\/#primaryimage","url":"https:\/\/animacrematorio.com\/wp-content\/uploads\/2025\/09\/perro-atardecer.jpg","contentUrl":"https:\/\/animacrematorio.com\/wp-content\/uploads\/2025\/09\/perro-atardecer.jpg","width":900,"height":700},{"@type":"BreadcrumbList","@id":"https:\/\/animacrematorio.com\/memorias\/#breadcrumb","itemListElement":[{"@type":"ListItem","position":1,"name":"Portada","item":"https:\/\/animacrematorio.com\/"},{"@type":"ListItem","position":2,"name":"Memorias"}]},{"@type":"WebSite","@id":"https:\/\/animacrematorio.com\/#website","url":"https:\/\/animacrematorio.com\/","name":"Anima Crematorio","description":"","publisher":{"@id":"https:\/\/animacrematorio.com\/#organization"},"potentialAction":[{"@type":"SearchAction","target":{"@type":"EntryPoint","urlTemplate":"https:\/\/animacrematorio.com\/?s={search_term_string}"},"query-input":{"@type":"PropertyValueSpecification","valueRequired":true,"valueName":"search_term_string"}}],"inLanguage":"fr-FR"},{"@type":"Organization","@id":"https:\/\/animacrematorio.com\/#organization","name":"Anima Crematorio","url":"https:\/\/animacrematorio.com\/","logo":{"@type":"ImageObject","inLanguage":"fr-FR","@id":"https:\/\/animacrematorio.com\/#\/schema\/logo\/image\/","url":"https:\/\/animacrematorio.com\/wp-content\/uploads\/2023\/03\/cropped-ANIMA_CRE_NEGRO-1.png","contentUrl":"https:\/\/animacrematorio.com\/wp-content\/uploads\/2023\/03\/cropped-ANIMA_CRE_NEGRO-1.png","width":1475,"height":505,"caption":"Anima Crematorio"},"image":{"@id":"https:\/\/animacrematorio.com\/#\/schema\/logo\/image\/"},"sameAs":["https:\/\/www.facebook.com\/animastore.es","https:\/\/www.instagram.com\/animastore.es"]}]}},"_links":{"self":[{"href":"https:\/\/animacrematorio.com\/fr\/wp-json\/wp\/v2\/pages\/17770","targetHints":{"allow":["GET"]}}],"collection":[{"href":"https:\/\/animacrematorio.com\/fr\/wp-json\/wp\/v2\/pages"}],"about":[{"href":"https:\/\/animacrematorio.com\/fr\/wp-json\/wp\/v2\/types\/page"}],"author":[{"embeddable":true,"href":"https:\/\/animacrematorio.com\/fr\/wp-json\/wp\/v2\/users\/21"}],"replies":[{"embeddable":true,"href":"https:\/\/animacrematorio.com\/fr\/wp-json\/wp\/v2\/comments?post=17770"}],"version-history":[{"count":49,"href":"https:\/\/animacrematorio.com\/fr\/wp-json\/wp\/v2\/pages\/17770\/revisions"}],"predecessor-version":[{"id":21774,"href":"https:\/\/animacrematorio.com\/fr\/wp-json\/wp\/v2\/pages\/17770\/revisions\/21774"}],"wp:featuredmedia":[{"embeddable":true,"href":"https:\/\/animacrematorio.com\/fr\/wp-json\/wp\/v2\/media\/17673"}],"wp:attachment":[{"href":"https:\/\/animacrematorio.com\/fr\/wp-json\/wp\/v2\/media?parent=17770"}],"curies":[{"name":"wp","href":"https:\/\/api.w.org\/{rel}","templated":true}]}}